{"id":2404,"date":"2023-09-18T10:39:08","date_gmt":"2023-09-18T08:39:08","guid":{"rendered":"http:\/\/dentaleducation.be\/?post_type=product&#038;p=2404"},"modified":"2025-09-24T09:16:53","modified_gmt":"2025-09-24T07:16:53","slug":"la-nomenclature-sous-toutes-ses-coutures","status":"publish","type":"product","link":"https:\/\/dentaleducation.be\/index.php\/produit\/la-nomenclature-sous-toutes-ses-coutures\/","title":{"rendered":"La nomenclature sous toutes ses coutures"},"content":{"rendered":"<p>OFFRE SP\u00c9CIALE POUR LES NOUVEAUX DIPL\u00d4M\u00c9S DE 2025 !<\/p>\n<p>Formation GRATUITE : &#8220;La nomenclature sous toutes ses coutures&#8221; anim\u00e9e par Youssef Sanhadji<strong>.<\/strong><\/p>\n<p>Vous \u00eates un nouveau dipl\u00f4m\u00e9 en dentisterie et vous vous sentez perdu dans le d\u00e9dale des r\u00e8gles de nomenclature ? Ne cherchez plus, cette formation est faite pour vous !<\/p>\n<p>\ud83d\udc68\u200d\ud83c\udf93 <strong>Pourquoi cette formation ?<\/strong> La nomenclature dentaire et ses r\u00e8gles peuvent para\u00eetre complexes et r\u00e9barbatives. Pourtant, bien les comprendre est crucial dans notre pratique quotidienne. Cette session d\u00e9mystifiera les r\u00e8gles r\u00e9gissant la nomenclature dentaire en Belgique, de leurs r\u00e8gles interpr\u00e9tatives aux cumuls permis et interdits.<\/p>\n","protected":false},"excerpt":{"rendered":"<p><strong>GRATUIT<\/strong><\/p>\n<p>Cette formation est offerte exclusivement aux nouveaux dipl\u00f4m\u00e9s de 2025.<\/p>\n<p>Date : 23\/09\/2025 | 19h30 &#8211; 22h30<\/p>\n<p>Lieu : H\u00f4tel Hilton Brussels City | Rue Gineste 3, 1210 Bruxelles<\/p>\n","protected":false},"featured_media":6325,"comment_status":"open","ping_status":"closed","template":"","meta":{"_acf_changed":false,"ocean_post_layout":"","ocean_both_sidebars_style":"","ocean_both_sidebars_content_width":0,"ocean_both_sidebars_sidebars_width":0,"ocean_sidebar":"0","ocean_second_sidebar":"0","ocean_disable_margins":"enable","ocean_add_body_class":"","ocean_shortcode_before_top_bar":"","ocean_shortcode_after_top_bar":"","ocean_shortcode_before_header":"","ocean_shortcode_after_header":"","ocean_has_shortcode":"","ocean_shortcode_after_title":"","ocean_shortcode_before_footer_widgets":"","ocean_shortcode_after_footer_widgets":"","ocean_shortcode_before_footer_bottom":"","ocean_shortcode_after_footer_bottom":"","ocean_display_top_bar":"default","ocean_display_header":"default","ocean_header_style":"","ocean_center_header_left_menu":"0","ocean_custom_header_template":"0","ocean_custom_logo":0,"ocean_custom_retina_logo":0,"ocean_custom_logo_max_width":0,"ocean_custom_logo_tablet_max_width":0,"ocean_custom_logo_mobile_max_width":0,"ocean_custom_logo_max_height":0,"ocean_custom_logo_tablet_max_height":0,"ocean_custom_logo_mobile_max_height":0,"ocean_header_custom_menu":"0","ocean_menu_typo_font_family":"0","ocean_menu_typo_font_subset":"","ocean_menu_typo_font_size":0,"ocean_menu_typo_font_size_tablet":0,"ocean_menu_typo_font_size_mobile":0,"ocean_menu_typo_font_size_unit":"px","ocean_menu_typo_font_weight":"","ocean_menu_typo_font_weight_tablet":"","ocean_menu_typo_font_weight_mobile":"","ocean_menu_typo_transform":"","ocean_menu_typo_transform_tablet":"","ocean_menu_typo_transform_mobile":"","ocean_menu_typo_line_height":0,"ocean_menu_typo_line_height_tablet":0,"ocean_menu_typo_line_height_mobile":0,"ocean_menu_typo_line_height_unit":"","ocean_menu_typo_spacing":0,"ocean_menu_typo_spacing_tablet":0,"ocean_menu_typo_spacing_mobile":0,"ocean_menu_typo_spacing_unit":"","ocean_menu_link_color":"","ocean_menu_link_color_hover":"","ocean_menu_link_color_active":"","ocean_menu_link_background":"","ocean_menu_link_hover_background":"","ocean_menu_link_active_background":"","ocean_menu_social_links_bg":"","ocean_menu_social_hover_links_bg":"","ocean_menu_social_links_color":"","ocean_menu_social_hover_links_color":"","ocean_disable_title":"on","ocean_disable_heading":"default","ocean_post_title":"","ocean_post_subheading":"","ocean_post_title_style":"","ocean_post_title_background_color":"","ocean_post_title_background":0,"ocean_post_title_bg_image_position":"","ocean_post_title_bg_image_attachment":"","ocean_post_title_bg_image_repeat":"","ocean_post_title_bg_image_size":"","ocean_post_title_height":0,"ocean_post_title_bg_overlay":0.5,"ocean_post_title_bg_overlay_color":"","ocean_disable_breadcrumbs":"default","ocean_breadcrumbs_color":"","ocean_breadcrumbs_separator_color":"","ocean_breadcrumbs_links_color":"","ocean_breadcrumbs_links_hover_color":"","ocean_display_footer_widgets":"default","ocean_display_footer_bottom":"default","ocean_custom_footer_template":"0"},"product_brand":[],"product_cat":[23],"product_tag":[47],"class_list":{"0":"post-2404","1":"product","2":"type-product","3":"status-publish","4":"has-post-thumbnail","6":"product_cat-nos-workshops","7":"product_tag-nomenclature","9":"entry","10":"has-media","12":"first","13":"outofstock","14":"virtual","15":"purchasable","16":"product-type-simple","17":"has-product-nav","18":"col","19":"span_1_of_3","20":"owp-content-center","21":"owp-thumbs-layout-horizontal","22":"owp-btn-normal","23":"owp-tabs-layout-horizontal","24":"has-no-thumbnails"},"acf":[],"yoast_head":"<!-- This site is optimized with the Yoast SEO plugin v27.4 - https:\/\/yoast.com\/product\/yoast-seo-wordpress\/ -->\n<title>La nomenclature sous toutes ses coutures - Dental Education<\/title>\n<meta name=\"description\" content=\"Vous \u00eates un nouveau dipl\u00f4m\u00e9 en dentisterie et vous vous sentez perdu dans le d\u00e9dale des r\u00e8gles de nomenclature ? Cette formation est faite pour vous !\" \/>\n<meta name=\"robots\" content=\"index, follow, max-snippet:-1, max-image-preview:large, max-video-preview:-1\" \/>\n<link rel=\"canonical\" href=\"https:\/\/dentaleducation.be\/index.php\/produit\/la-nomenclature-sous-toutes-ses-coutures\/\" \/>\n<meta property=\"og:locale\" content=\"fr_FR\" \/>\n<meta property=\"og:type\" content=\"article\" \/>\n<meta property=\"og:title\" content=\"La nomenclature sous toutes ses coutures - Dental Education\" \/>\n<meta property=\"og:description\" content=\"Vous \u00eates un nouveau dipl\u00f4m\u00e9 en dentisterie et vous vous sentez perdu dans le d\u00e9dale des r\u00e8gles de nomenclature ? Cette formation est faite pour vous !\" \/>\n<meta property=\"og:url\" content=\"https:\/\/dentaleducation.be\/index.php\/produit\/la-nomenclature-sous-toutes-ses-coutures\/\" \/>\n<meta property=\"og:site_name\" content=\"Dental Education\" \/>\n<meta property=\"article:publisher\" content=\"https:\/\/www.facebook.com\/DentalEducationAssociation\" \/>\n<meta property=\"article:modified_time\" content=\"2025-09-24T07:16:53+00:00\" \/>\n<meta property=\"og:image\" content=\"https:\/\/dentaleducation.be\/wp-content\/uploads\/2023\/09\/youssef-carre-23-septembre-min.jpg\" \/>\n\t<meta property=\"og:image:width\" content=\"1024\" \/>\n\t<meta property=\"og:image:height\" content=\"1024\" \/>\n\t<meta property=\"og:image:type\" content=\"image\/jpeg\" \/>\n<meta name=\"twitter:card\" content=\"summary_large_image\" \/>\n<meta name=\"twitter:label1\" content=\"Dur\u00e9e de lecture estim\u00e9e\" \/>\n\t<meta name=\"twitter:data1\" content=\"1 minute\" \/>\n<script type=\"application\/ld+json\" class=\"yoast-schema-graph\">{\"@context\":\"https:\\\/\\\/schema.org\",\"@graph\":[{\"@type\":\"WebPage\",\"@id\":\"https:\\\/\\\/dentaleducation.be\\\/index.php\\\/produit\\\/la-nomenclature-sous-toutes-ses-coutures\\\/\",\"url\":\"https:\\\/\\\/dentaleducation.be\\\/index.php\\\/produit\\\/la-nomenclature-sous-toutes-ses-coutures\\\/\",\"name\":\"La nomenclature sous toutes ses coutures - Dental Education\",\"isPartOf\":{\"@id\":\"https:\\\/\\\/dentaleducation.be\\\/#website\"},\"primaryImageOfPage\":{\"@id\":\"https:\\\/\\\/dentaleducation.be\\\/index.php\\\/produit\\\/la-nomenclature-sous-toutes-ses-coutures\\\/#primaryimage\"},\"image\":{\"@id\":\"https:\\\/\\\/dentaleducation.be\\\/index.php\\\/produit\\\/la-nomenclature-sous-toutes-ses-coutures\\\/#primaryimage\"},\"thumbnailUrl\":\"https:\\\/\\\/dentaleducation.be\\\/wp-content\\\/uploads\\\/2023\\\/09\\\/youssef-carre-23-septembre-min.jpg\",\"datePublished\":\"2023-09-18T08:39:08+00:00\",\"dateModified\":\"2025-09-24T07:16:53+00:00\",\"description\":\"Vous \u00eates un nouveau dipl\u00f4m\u00e9 en dentisterie et vous vous sentez perdu dans le d\u00e9dale des r\u00e8gles de nomenclature ? Cette formation est faite pour vous !\",\"breadcrumb\":{\"@id\":\"https:\\\/\\\/dentaleducation.be\\\/index.php\\\/produit\\\/la-nomenclature-sous-toutes-ses-coutures\\\/#breadcrumb\"},\"inLanguage\":\"fr-FR\",\"potentialAction\":[{\"@type\":\"ReadAction\",\"target\":[\"https:\\\/\\\/dentaleducation.be\\\/index.php\\\/produit\\\/la-nomenclature-sous-toutes-ses-coutures\\\/\"]}]},{\"@type\":\"ImageObject\",\"inLanguage\":\"fr-FR\",\"@id\":\"https:\\\/\\\/dentaleducation.be\\\/index.php\\\/produit\\\/la-nomenclature-sous-toutes-ses-coutures\\\/#primaryimage\",\"url\":\"https:\\\/\\\/dentaleducation.be\\\/wp-content\\\/uploads\\\/2023\\\/09\\\/youssef-carre-23-septembre-min.jpg\",\"contentUrl\":\"https:\\\/\\\/dentaleducation.be\\\/wp-content\\\/uploads\\\/2023\\\/09\\\/youssef-carre-23-septembre-min.jpg\",\"width\":1024,\"height\":1024,\"caption\":\"La nomenclature sous toutes ses coutures\"},{\"@type\":\"BreadcrumbList\",\"@id\":\"https:\\\/\\\/dentaleducation.be\\\/index.php\\\/produit\\\/la-nomenclature-sous-toutes-ses-coutures\\\/#breadcrumb\",\"itemListElement\":[{\"@type\":\"ListItem\",\"position\":1,\"name\":\"Accueil\",\"item\":\"https:\\\/\\\/dentaleducation.be\\\/\"},{\"@type\":\"ListItem\",\"position\":2,\"name\":\"Boutique\",\"item\":\"https:\\\/\\\/dentaleducation.be\\\/index.php\\\/boutique\\\/\"},{\"@type\":\"ListItem\",\"position\":3,\"name\":\"La nomenclature sous toutes ses coutures\"}]},{\"@type\":\"WebSite\",\"@id\":\"https:\\\/\\\/dentaleducation.be\\\/#website\",\"url\":\"https:\\\/\\\/dentaleducation.be\\\/\",\"name\":\"Dental Education\",\"description\":\"Vivez une nouvelle exp\u00e9rience du savoir !\",\"publisher\":{\"@id\":\"https:\\\/\\\/dentaleducation.be\\\/#organization\"},\"potentialAction\":[{\"@type\":\"SearchAction\",\"target\":{\"@type\":\"EntryPoint\",\"urlTemplate\":\"https:\\\/\\\/dentaleducation.be\\\/?s={search_term_string}\"},\"query-input\":{\"@type\":\"PropertyValueSpecification\",\"valueRequired\":true,\"valueName\":\"search_term_string\"}}],\"inLanguage\":\"fr-FR\"},{\"@type\":\"Organization\",\"@id\":\"https:\\\/\\\/dentaleducation.be\\\/#organization\",\"name\":\"Dental Education\",\"url\":\"https:\\\/\\\/dentaleducation.be\\\/\",\"logo\":{\"@type\":\"ImageObject\",\"inLanguage\":\"fr-FR\",\"@id\":\"https:\\\/\\\/dentaleducation.be\\\/#\\\/schema\\\/logo\\\/image\\\/\",\"url\":\"https:\\\/\\\/dentaleducation.be\\\/wp-content\\\/uploads\\\/2023\\\/05\\\/Logo_DentalEducation_noir-jpeg.jpg\",\"contentUrl\":\"https:\\\/\\\/dentaleducation.be\\\/wp-content\\\/uploads\\\/2023\\\/05\\\/Logo_DentalEducation_noir-jpeg.jpg\",\"width\":1024,\"height\":371,\"caption\":\"Dental Education\"},\"image\":{\"@id\":\"https:\\\/\\\/dentaleducation.be\\\/#\\\/schema\\\/logo\\\/image\\\/\"},\"sameAs\":[\"https:\\\/\\\/www.facebook.com\\\/DentalEducationAssociation\",\"https:\\\/\\\/www.linkedin.com\\\/company\\\/dentaleducationasbl\\\/\",\"https:\\\/\\\/www.instagram.com\\\/dentaleducation_asbl\\\/\"]}]}<\/script>\n<!-- \/ Yoast SEO plugin. -->","yoast_head_json":{"title":"La nomenclature sous toutes ses coutures - Dental Education","description":"Vous \u00eates un nouveau dipl\u00f4m\u00e9 en dentisterie et vous vous sentez perdu dans le d\u00e9dale des r\u00e8gles de nomenclature ? Cette formation est faite pour vous !","robots":{"index":"index","follow":"follow","max-snippet":"max-snippet:-1","max-image-preview":"max-image-preview:large","max-video-preview":"max-video-preview:-1"},"canonical":"https:\/\/dentaleducation.be\/index.php\/produit\/la-nomenclature-sous-toutes-ses-coutures\/","og_locale":"fr_FR","og_type":"article","og_title":"La nomenclature sous toutes ses coutures - Dental Education","og_description":"Vous \u00eates un nouveau dipl\u00f4m\u00e9 en dentisterie et vous vous sentez perdu dans le d\u00e9dale des r\u00e8gles de nomenclature ? Cette formation est faite pour vous !","og_url":"https:\/\/dentaleducation.be\/index.php\/produit\/la-nomenclature-sous-toutes-ses-coutures\/","og_site_name":"Dental Education","article_publisher":"https:\/\/www.facebook.com\/DentalEducationAssociation","article_modified_time":"2025-09-24T07:16:53+00:00","og_image":[{"width":1024,"height":1024,"url":"https:\/\/dentaleducation.be\/wp-content\/uploads\/2023\/09\/youssef-carre-23-septembre-min.jpg","type":"image\/jpeg"}],"twitter_card":"summary_large_image","twitter_misc":{"Dur\u00e9e de lecture estim\u00e9e":"1 minute"},"schema":{"@context":"https:\/\/schema.org","@graph":[{"@type":"WebPage","@id":"https:\/\/dentaleducation.be\/index.php\/produit\/la-nomenclature-sous-toutes-ses-coutures\/","url":"https:\/\/dentaleducation.be\/index.php\/produit\/la-nomenclature-sous-toutes-ses-coutures\/","name":"La nomenclature sous toutes ses coutures - Dental Education","isPartOf":{"@id":"https:\/\/dentaleducation.be\/#website"},"primaryImageOfPage":{"@id":"https:\/\/dentaleducation.be\/index.php\/produit\/la-nomenclature-sous-toutes-ses-coutures\/#primaryimage"},"image":{"@id":"https:\/\/dentaleducation.be\/index.php\/produit\/la-nomenclature-sous-toutes-ses-coutures\/#primaryimage"},"thumbnailUrl":"https:\/\/dentaleducation.be\/wp-content\/uploads\/2023\/09\/youssef-carre-23-septembre-min.jpg","datePublished":"2023-09-18T08:39:08+00:00","dateModified":"2025-09-24T07:16:53+00:00","description":"Vous \u00eates un nouveau dipl\u00f4m\u00e9 en dentisterie et vous vous sentez perdu dans le d\u00e9dale des r\u00e8gles de nomenclature ? Cette formation est faite pour vous !","breadcrumb":{"@id":"https:\/\/dentaleducation.be\/index.php\/produit\/la-nomenclature-sous-toutes-ses-coutures\/#breadcrumb"},"inLanguage":"fr-FR","potentialAction":[{"@type":"ReadAction","target":["https:\/\/dentaleducation.be\/index.php\/produit\/la-nomenclature-sous-toutes-ses-coutures\/"]}]},{"@type":"ImageObject","inLanguage":"fr-FR","@id":"https:\/\/dentaleducation.be\/index.php\/produit\/la-nomenclature-sous-toutes-ses-coutures\/#primaryimage","url":"https:\/\/dentaleducation.be\/wp-content\/uploads\/2023\/09\/youssef-carre-23-septembre-min.jpg","contentUrl":"https:\/\/dentaleducation.be\/wp-content\/uploads\/2023\/09\/youssef-carre-23-septembre-min.jpg","width":1024,"height":1024,"caption":"La nomenclature sous toutes ses coutures"},{"@type":"BreadcrumbList","@id":"https:\/\/dentaleducation.be\/index.php\/produit\/la-nomenclature-sous-toutes-ses-coutures\/#breadcrumb","itemListElement":[{"@type":"ListItem","position":1,"name":"Accueil","item":"https:\/\/dentaleducation.be\/"},{"@type":"ListItem","position":2,"name":"Boutique","item":"https:\/\/dentaleducation.be\/index.php\/boutique\/"},{"@type":"ListItem","position":3,"name":"La nomenclature sous toutes ses coutures"}]},{"@type":"WebSite","@id":"https:\/\/dentaleducation.be\/#website","url":"https:\/\/dentaleducation.be\/","name":"Dental Education","description":"Vivez une nouvelle exp\u00e9rience du savoir !","publisher":{"@id":"https:\/\/dentaleducation.be\/#organization"},"potentialAction":[{"@type":"SearchAction","target":{"@type":"EntryPoint","urlTemplate":"https:\/\/dentaleducation.be\/?s={search_term_string}"},"query-input":{"@type":"PropertyValueSpecification","valueRequired":true,"valueName":"search_term_string"}}],"inLanguage":"fr-FR"},{"@type":"Organization","@id":"https:\/\/dentaleducation.be\/#organization","name":"Dental Education","url":"https:\/\/dentaleducation.be\/","logo":{"@type":"ImageObject","inLanguage":"fr-FR","@id":"https:\/\/dentaleducation.be\/#\/schema\/logo\/image\/","url":"https:\/\/dentaleducation.be\/wp-content\/uploads\/2023\/05\/Logo_DentalEducation_noir-jpeg.jpg","contentUrl":"https:\/\/dentaleducation.be\/wp-content\/uploads\/2023\/05\/Logo_DentalEducation_noir-jpeg.jpg","width":1024,"height":371,"caption":"Dental Education"},"image":{"@id":"https:\/\/dentaleducation.be\/#\/schema\/logo\/image\/"},"sameAs":["https:\/\/www.facebook.com\/DentalEducationAssociation","https:\/\/www.linkedin.com\/company\/dentaleducationasbl\/","https:\/\/www.instagram.com\/dentaleducation_asbl\/"]}]}},"_links":{"self":[{"href":"https:\/\/dentaleducation.be\/index.php\/wp-json\/wp\/v2\/product\/2404","targetHints":{"allow":["GET"]}}],"collection":[{"href":"https:\/\/dentaleducation.be\/index.php\/wp-json\/wp\/v2\/product"}],"about":[{"href":"https:\/\/dentaleducation.be\/index.php\/wp-json\/wp\/v2\/types\/product"}],"replies":[{"embeddable":true,"href":"https:\/\/dentaleducation.be\/index.php\/wp-json\/wp\/v2\/comments?post=2404"}],"wp:featuredmedia":[{"embeddable":true,"href":"https:\/\/dentaleducation.be\/index.php\/wp-json\/wp\/v2\/media\/6325"}],"wp:attachment":[{"href":"https:\/\/dentaleducation.be\/index.php\/wp-json\/wp\/v2\/media?parent=2404"}],"wp:term":[{"taxonomy":"product_brand","embeddable":true,"href":"https:\/\/dentaleducation.be\/index.php\/wp-json\/wp\/v2\/product_brand?post=2404"},{"taxonomy":"product_cat","embeddable":true,"href":"https:\/\/dentaleducation.be\/index.php\/wp-json\/wp\/v2\/product_cat?post=2404"},{"taxonomy":"product_tag","embeddable":true,"href":"https:\/\/dentaleducation.be\/index.php\/wp-json\/wp\/v2\/product_tag?post=2404"}],"curies":[{"name":"wp","href":"https:\/\/api.w.org\/{rel}","templated":true}]}}