{"id":3829,"date":"2024-03-18T12:01:20","date_gmt":"2024-03-18T11:01:20","guid":{"rendered":"http:\/\/dentaleducation.be\/?post_type=product&#038;p=3829"},"modified":"2026-04-30T10:31:20","modified_gmt":"2026-04-30T08:31:20","slug":"cours-de-formation-pour-maitres-de-stage","status":"publish","type":"product","link":"https:\/\/dentaleducation.be\/index.php\/produit\/cours-de-formation-pour-maitres-de-stage\/","title":{"rendered":"Cours de formation pour ma\u00eetres de stage"},"content":{"rendered":"<p><span style=\"font-weight: 400;\">L\u2019objectif de ce cours est d\u2019abord de pr\u00e9senter les modalit\u00e9s relatives \u00e0 l\u2019ann\u00e9e de stage que devra r\u00e9aliser la\/le stagiaire pour obtenir le titre de dentiste g\u00e9n\u00e9raliste. Quelles sont les modalit\u00e9s administratives \u00e0 effectuer pour la\/le stagiaire, que comprend cette ann\u00e9e de stage, quel est le r\u00f4le du ma\u00eetre de stage et celui des universit\u00e9s ?<\/span><\/p>\n<p><span style=\"font-weight: 400;\">Ensuite, la r\u00e9glementation g\u00e9n\u00e9rale li\u00e9e au statut de ma\u00eetre de stage sera expliqu\u00e9e. Quels sont ses droits et ses devoirs, quelles sont les conditions pour devenir ma\u00eetre de stage ou pour obtenir son renouvellement, quels crit\u00e8res en termes d\u2019infrastructure d\u2019accueil doivent \u00eatre respect\u00e9s, quelles solutions en cas de probl\u00e8me entre le ma\u00eetre de stage et la\/le stagiaire ?<\/span><\/p>\n<p><span style=\"font-weight: 400;\">La derni\u00e8re partie de cette formation comprendra une s\u00e9ance interactive de questions-r\u00e9ponses.<\/span><\/p>\n","protected":false},"excerpt":{"rendered":"<p>Date : 01 juin 2026 (en soir\u00e9e)<\/p>\n<p>Lieu : DoubleTree by Hilton Brussels City | Rue Gineste 3, 1210 Bruxelles<\/p>\n<p>Cr\u00e9dits : 20 UA demand\u00e9es<\/p>\n","protected":false},"featured_media":7189,"comment_status":"open","ping_status":"closed","template":"","meta":{"_acf_changed":false,"ocean_post_layout":"","ocean_both_sidebars_style":"","ocean_both_sidebars_content_width":0,"ocean_both_sidebars_sidebars_width":0,"ocean_sidebar":"0","ocean_second_sidebar":"0","ocean_disable_margins":"enable","ocean_add_body_class":"","ocean_shortcode_before_top_bar":"","ocean_shortcode_after_top_bar":"","ocean_shortcode_before_header":"","ocean_shortcode_after_header":"","ocean_has_shortcode":"","ocean_shortcode_after_title":"","ocean_shortcode_before_footer_widgets":"","ocean_shortcode_after_footer_widgets":"","ocean_shortcode_before_footer_bottom":"","ocean_shortcode_after_footer_bottom":"","ocean_display_top_bar":"default","ocean_display_header":"default","ocean_header_style":"","ocean_center_header_left_menu":"0","ocean_custom_header_template":"0","ocean_custom_logo":0,"ocean_custom_retina_logo":0,"ocean_custom_logo_max_width":0,"ocean_custom_logo_tablet_max_width":0,"ocean_custom_logo_mobile_max_width":0,"ocean_custom_logo_max_height":0,"ocean_custom_logo_tablet_max_height":0,"ocean_custom_logo_mobile_max_height":0,"ocean_header_custom_menu":"0","ocean_menu_typo_font_family":"0","ocean_menu_typo_font_subset":"","ocean_menu_typo_font_size":0,"ocean_menu_typo_font_size_tablet":0,"ocean_menu_typo_font_size_mobile":0,"ocean_menu_typo_font_size_unit":"px","ocean_menu_typo_font_weight":"","ocean_menu_typo_font_weight_tablet":"","ocean_menu_typo_font_weight_mobile":"","ocean_menu_typo_transform":"","ocean_menu_typo_transform_tablet":"","ocean_menu_typo_transform_mobile":"","ocean_menu_typo_line_height":0,"ocean_menu_typo_line_height_tablet":0,"ocean_menu_typo_line_height_mobile":0,"ocean_menu_typo_line_height_unit":"","ocean_menu_typo_spacing":0,"ocean_menu_typo_spacing_tablet":0,"ocean_menu_typo_spacing_mobile":0,"ocean_menu_typo_spacing_unit":"","ocean_menu_link_color":"","ocean_menu_link_color_hover":"","ocean_menu_link_color_active":"","ocean_menu_link_background":"","ocean_menu_link_hover_background":"","ocean_menu_link_active_background":"","ocean_menu_social_links_bg":"","ocean_menu_social_hover_links_bg":"","ocean_menu_social_links_color":"","ocean_menu_social_hover_links_color":"","ocean_disable_title":"on","ocean_disable_heading":"default","ocean_post_title":"","ocean_post_subheading":"","ocean_post_title_style":"","ocean_post_title_background_color":"","ocean_post_title_background":0,"ocean_post_title_bg_image_position":"","ocean_post_title_bg_image_attachment":"","ocean_post_title_bg_image_repeat":"","ocean_post_title_bg_image_size":"","ocean_post_title_height":0,"ocean_post_title_bg_overlay":0.5,"ocean_post_title_bg_overlay_color":"","ocean_disable_breadcrumbs":"default","ocean_breadcrumbs_color":"","ocean_breadcrumbs_separator_color":"","ocean_breadcrumbs_links_color":"","ocean_breadcrumbs_links_hover_color":"","ocean_display_footer_widgets":"off","ocean_display_footer_bottom":"off","ocean_custom_footer_template":"0"},"product_brand":[],"product_cat":[23],"product_tag":[40],"class_list":{"0":"post-3829","1":"product","2":"type-product","3":"status-publish","4":"has-post-thumbnail","6":"product_cat-nos-workshops","7":"product_tag-cours-de-formation-pour-maitres-de-stage","9":"entry","10":"has-media","12":"first","13":"instock","14":"virtual","15":"purchasable","16":"product-type-simple","17":"has-product-nav","18":"col","19":"span_1_of_3","20":"owp-content-center","21":"owp-thumbs-layout-horizontal","22":"owp-btn-normal","23":"owp-tabs-layout-horizontal","24":"has-no-thumbnails"},"acf":[],"yoast_head":"<!-- This site is optimized with the Yoast SEO plugin v27.4 - https:\/\/yoast.com\/product\/yoast-seo-wordpress\/ -->\n<title>Cours de formation pour ma\u00eetres de stage<\/title>\n<meta name=\"description\" content=\"L\u2019objectif de ce cours est d\u2019abord de pr\u00e9senter les modalit\u00e9s relatives \u00e0 l\u2019ann\u00e9e de stage que devra r\u00e9aliser la\/le stagiaire pour...\" \/>\n<meta name=\"robots\" content=\"index, follow, max-snippet:-1, max-image-preview:large, max-video-preview:-1\" \/>\n<link rel=\"canonical\" href=\"https:\/\/dentaleducation.be\/index.php\/produit\/cours-de-formation-pour-maitres-de-stage\/\" \/>\n<meta property=\"og:locale\" content=\"fr_FR\" \/>\n<meta property=\"og:type\" content=\"article\" \/>\n<meta property=\"og:title\" content=\"Cours de formation pour ma\u00eetres de stage\" \/>\n<meta property=\"og:description\" content=\"L\u2019objectif de ce cours est d\u2019abord de pr\u00e9senter les modalit\u00e9s relatives \u00e0 l\u2019ann\u00e9e de stage que devra r\u00e9aliser la\/le stagiaire pour...\" \/>\n<meta property=\"og:url\" content=\"https:\/\/dentaleducation.be\/index.php\/produit\/cours-de-formation-pour-maitres-de-stage\/\" \/>\n<meta property=\"og:site_name\" content=\"Dental Education\" \/>\n<meta property=\"article:publisher\" content=\"https:\/\/www.facebook.com\/DentalEducationAssociation\" \/>\n<meta property=\"article:modified_time\" content=\"2026-04-30T08:31:20+00:00\" \/>\n<meta property=\"og:image\" content=\"https:\/\/dentaleducation.be\/wp-content\/uploads\/2024\/03\/Workshop-alain-carre-1.jpg\" \/>\n\t<meta property=\"og:image:width\" content=\"1080\" \/>\n\t<meta property=\"og:image:height\" content=\"1080\" \/>\n\t<meta property=\"og:image:type\" content=\"image\/jpeg\" \/>\n<meta name=\"twitter:card\" content=\"summary_large_image\" \/>\n<meta name=\"twitter:label1\" content=\"Dur\u00e9e de lecture estim\u00e9e\" \/>\n\t<meta name=\"twitter:data1\" content=\"1 minute\" \/>\n<script type=\"application\/ld+json\" class=\"yoast-schema-graph\">{\"@context\":\"https:\\\/\\\/schema.org\",\"@graph\":[{\"@type\":\"WebPage\",\"@id\":\"https:\\\/\\\/dentaleducation.be\\\/index.php\\\/produit\\\/cours-de-formation-pour-maitres-de-stage\\\/\",\"url\":\"https:\\\/\\\/dentaleducation.be\\\/index.php\\\/produit\\\/cours-de-formation-pour-maitres-de-stage\\\/\",\"name\":\"Cours de formation pour ma\u00eetres de stage\",\"isPartOf\":{\"@id\":\"https:\\\/\\\/dentaleducation.be\\\/#website\"},\"primaryImageOfPage\":{\"@id\":\"https:\\\/\\\/dentaleducation.be\\\/index.php\\\/produit\\\/cours-de-formation-pour-maitres-de-stage\\\/#primaryimage\"},\"image\":{\"@id\":\"https:\\\/\\\/dentaleducation.be\\\/index.php\\\/produit\\\/cours-de-formation-pour-maitres-de-stage\\\/#primaryimage\"},\"thumbnailUrl\":\"https:\\\/\\\/dentaleducation.be\\\/wp-content\\\/uploads\\\/2024\\\/03\\\/Workshop-alain-carre-1.jpg\",\"datePublished\":\"2024-03-18T11:01:20+00:00\",\"dateModified\":\"2026-04-30T08:31:20+00:00\",\"description\":\"L\u2019objectif de ce cours est d\u2019abord de pr\u00e9senter les modalit\u00e9s relatives \u00e0 l\u2019ann\u00e9e de stage que devra r\u00e9aliser la\\\/le stagiaire pour...\",\"breadcrumb\":{\"@id\":\"https:\\\/\\\/dentaleducation.be\\\/index.php\\\/produit\\\/cours-de-formation-pour-maitres-de-stage\\\/#breadcrumb\"},\"inLanguage\":\"fr-FR\",\"potentialAction\":[{\"@type\":\"ReadAction\",\"target\":[\"https:\\\/\\\/dentaleducation.be\\\/index.php\\\/produit\\\/cours-de-formation-pour-maitres-de-stage\\\/\"]}]},{\"@type\":\"ImageObject\",\"inLanguage\":\"fr-FR\",\"@id\":\"https:\\\/\\\/dentaleducation.be\\\/index.php\\\/produit\\\/cours-de-formation-pour-maitres-de-stage\\\/#primaryimage\",\"url\":\"https:\\\/\\\/dentaleducation.be\\\/wp-content\\\/uploads\\\/2024\\\/03\\\/Workshop-alain-carre-1.jpg\",\"contentUrl\":\"https:\\\/\\\/dentaleducation.be\\\/wp-content\\\/uploads\\\/2024\\\/03\\\/Workshop-alain-carre-1.jpg\",\"width\":1080,\"height\":1080,\"caption\":\"Cours de formation pour ma\u00eetres de stage\"},{\"@type\":\"BreadcrumbList\",\"@id\":\"https:\\\/\\\/dentaleducation.be\\\/index.php\\\/produit\\\/cours-de-formation-pour-maitres-de-stage\\\/#breadcrumb\",\"itemListElement\":[{\"@type\":\"ListItem\",\"position\":1,\"name\":\"Accueil\",\"item\":\"https:\\\/\\\/dentaleducation.be\\\/\"},{\"@type\":\"ListItem\",\"position\":2,\"name\":\"Boutique\",\"item\":\"https:\\\/\\\/dentaleducation.be\\\/index.php\\\/boutique\\\/\"},{\"@type\":\"ListItem\",\"position\":3,\"name\":\"Cours de formation pour ma\u00eetres de stage\"}]},{\"@type\":\"WebSite\",\"@id\":\"https:\\\/\\\/dentaleducation.be\\\/#website\",\"url\":\"https:\\\/\\\/dentaleducation.be\\\/\",\"name\":\"Dental Education\",\"description\":\"Vivez une nouvelle exp\u00e9rience du savoir !\",\"publisher\":{\"@id\":\"https:\\\/\\\/dentaleducation.be\\\/#organization\"},\"potentialAction\":[{\"@type\":\"SearchAction\",\"target\":{\"@type\":\"EntryPoint\",\"urlTemplate\":\"https:\\\/\\\/dentaleducation.be\\\/?s={search_term_string}\"},\"query-input\":{\"@type\":\"PropertyValueSpecification\",\"valueRequired\":true,\"valueName\":\"search_term_string\"}}],\"inLanguage\":\"fr-FR\"},{\"@type\":\"Organization\",\"@id\":\"https:\\\/\\\/dentaleducation.be\\\/#organization\",\"name\":\"Dental Education\",\"url\":\"https:\\\/\\\/dentaleducation.be\\\/\",\"logo\":{\"@type\":\"ImageObject\",\"inLanguage\":\"fr-FR\",\"@id\":\"https:\\\/\\\/dentaleducation.be\\\/#\\\/schema\\\/logo\\\/image\\\/\",\"url\":\"https:\\\/\\\/dentaleducation.be\\\/wp-content\\\/uploads\\\/2023\\\/05\\\/Logo_DentalEducation_noir-jpeg.jpg\",\"contentUrl\":\"https:\\\/\\\/dentaleducation.be\\\/wp-content\\\/uploads\\\/2023\\\/05\\\/Logo_DentalEducation_noir-jpeg.jpg\",\"width\":1024,\"height\":371,\"caption\":\"Dental Education\"},\"image\":{\"@id\":\"https:\\\/\\\/dentaleducation.be\\\/#\\\/schema\\\/logo\\\/image\\\/\"},\"sameAs\":[\"https:\\\/\\\/www.facebook.com\\\/DentalEducationAssociation\",\"https:\\\/\\\/www.linkedin.com\\\/company\\\/dentaleducationasbl\\\/\",\"https:\\\/\\\/www.instagram.com\\\/dentaleducation_asbl\\\/\"]}]}<\/script>\n<!-- \/ Yoast SEO plugin. -->","yoast_head_json":{"title":"Cours de formation pour ma\u00eetres de stage","description":"L\u2019objectif de ce cours est d\u2019abord de pr\u00e9senter les modalit\u00e9s relatives \u00e0 l\u2019ann\u00e9e de stage que devra r\u00e9aliser la\/le stagiaire pour...","robots":{"index":"index","follow":"follow","max-snippet":"max-snippet:-1","max-image-preview":"max-image-preview:large","max-video-preview":"max-video-preview:-1"},"canonical":"https:\/\/dentaleducation.be\/index.php\/produit\/cours-de-formation-pour-maitres-de-stage\/","og_locale":"fr_FR","og_type":"article","og_title":"Cours de formation pour ma\u00eetres de stage","og_description":"L\u2019objectif de ce cours est d\u2019abord de pr\u00e9senter les modalit\u00e9s relatives \u00e0 l\u2019ann\u00e9e de stage que devra r\u00e9aliser la\/le stagiaire pour...","og_url":"https:\/\/dentaleducation.be\/index.php\/produit\/cours-de-formation-pour-maitres-de-stage\/","og_site_name":"Dental Education","article_publisher":"https:\/\/www.facebook.com\/DentalEducationAssociation","article_modified_time":"2026-04-30T08:31:20+00:00","og_image":[{"width":1080,"height":1080,"url":"https:\/\/dentaleducation.be\/wp-content\/uploads\/2024\/03\/Workshop-alain-carre-1.jpg","type":"image\/jpeg"}],"twitter_card":"summary_large_image","twitter_misc":{"Dur\u00e9e de lecture estim\u00e9e":"1 minute"},"schema":{"@context":"https:\/\/schema.org","@graph":[{"@type":"WebPage","@id":"https:\/\/dentaleducation.be\/index.php\/produit\/cours-de-formation-pour-maitres-de-stage\/","url":"https:\/\/dentaleducation.be\/index.php\/produit\/cours-de-formation-pour-maitres-de-stage\/","name":"Cours de formation pour ma\u00eetres de stage","isPartOf":{"@id":"https:\/\/dentaleducation.be\/#website"},"primaryImageOfPage":{"@id":"https:\/\/dentaleducation.be\/index.php\/produit\/cours-de-formation-pour-maitres-de-stage\/#primaryimage"},"image":{"@id":"https:\/\/dentaleducation.be\/index.php\/produit\/cours-de-formation-pour-maitres-de-stage\/#primaryimage"},"thumbnailUrl":"https:\/\/dentaleducation.be\/wp-content\/uploads\/2024\/03\/Workshop-alain-carre-1.jpg","datePublished":"2024-03-18T11:01:20+00:00","dateModified":"2026-04-30T08:31:20+00:00","description":"L\u2019objectif de ce cours est d\u2019abord de pr\u00e9senter les modalit\u00e9s relatives \u00e0 l\u2019ann\u00e9e de stage que devra r\u00e9aliser la\/le stagiaire pour...","breadcrumb":{"@id":"https:\/\/dentaleducation.be\/index.php\/produit\/cours-de-formation-pour-maitres-de-stage\/#breadcrumb"},"inLanguage":"fr-FR","potentialAction":[{"@type":"ReadAction","target":["https:\/\/dentaleducation.be\/index.php\/produit\/cours-de-formation-pour-maitres-de-stage\/"]}]},{"@type":"ImageObject","inLanguage":"fr-FR","@id":"https:\/\/dentaleducation.be\/index.php\/produit\/cours-de-formation-pour-maitres-de-stage\/#primaryimage","url":"https:\/\/dentaleducation.be\/wp-content\/uploads\/2024\/03\/Workshop-alain-carre-1.jpg","contentUrl":"https:\/\/dentaleducation.be\/wp-content\/uploads\/2024\/03\/Workshop-alain-carre-1.jpg","width":1080,"height":1080,"caption":"Cours de formation pour ma\u00eetres de stage"},{"@type":"BreadcrumbList","@id":"https:\/\/dentaleducation.be\/index.php\/produit\/cours-de-formation-pour-maitres-de-stage\/#breadcrumb","itemListElement":[{"@type":"ListItem","position":1,"name":"Accueil","item":"https:\/\/dentaleducation.be\/"},{"@type":"ListItem","position":2,"name":"Boutique","item":"https:\/\/dentaleducation.be\/index.php\/boutique\/"},{"@type":"ListItem","position":3,"name":"Cours de formation pour ma\u00eetres de stage"}]},{"@type":"WebSite","@id":"https:\/\/dentaleducation.be\/#website","url":"https:\/\/dentaleducation.be\/","name":"Dental Education","description":"Vivez une nouvelle exp\u00e9rience du savoir !","publisher":{"@id":"https:\/\/dentaleducation.be\/#organization"},"potentialAction":[{"@type":"SearchAction","target":{"@type":"EntryPoint","urlTemplate":"https:\/\/dentaleducation.be\/?s={search_term_string}"},"query-input":{"@type":"PropertyValueSpecification","valueRequired":true,"valueName":"search_term_string"}}],"inLanguage":"fr-FR"},{"@type":"Organization","@id":"https:\/\/dentaleducation.be\/#organization","name":"Dental Education","url":"https:\/\/dentaleducation.be\/","logo":{"@type":"ImageObject","inLanguage":"fr-FR","@id":"https:\/\/dentaleducation.be\/#\/schema\/logo\/image\/","url":"https:\/\/dentaleducation.be\/wp-content\/uploads\/2023\/05\/Logo_DentalEducation_noir-jpeg.jpg","contentUrl":"https:\/\/dentaleducation.be\/wp-content\/uploads\/2023\/05\/Logo_DentalEducation_noir-jpeg.jpg","width":1024,"height":371,"caption":"Dental Education"},"image":{"@id":"https:\/\/dentaleducation.be\/#\/schema\/logo\/image\/"},"sameAs":["https:\/\/www.facebook.com\/DentalEducationAssociation","https:\/\/www.linkedin.com\/company\/dentaleducationasbl\/","https:\/\/www.instagram.com\/dentaleducation_asbl\/"]}]}},"_links":{"self":[{"href":"https:\/\/dentaleducation.be\/index.php\/wp-json\/wp\/v2\/product\/3829","targetHints":{"allow":["GET"]}}],"collection":[{"href":"https:\/\/dentaleducation.be\/index.php\/wp-json\/wp\/v2\/product"}],"about":[{"href":"https:\/\/dentaleducation.be\/index.php\/wp-json\/wp\/v2\/types\/product"}],"replies":[{"embeddable":true,"href":"https:\/\/dentaleducation.be\/index.php\/wp-json\/wp\/v2\/comments?post=3829"}],"wp:featuredmedia":[{"embeddable":true,"href":"https:\/\/dentaleducation.be\/index.php\/wp-json\/wp\/v2\/media\/7189"}],"wp:attachment":[{"href":"https:\/\/dentaleducation.be\/index.php\/wp-json\/wp\/v2\/media?parent=3829"}],"wp:term":[{"taxonomy":"product_brand","embeddable":true,"href":"https:\/\/dentaleducation.be\/index.php\/wp-json\/wp\/v2\/product_brand?post=3829"},{"taxonomy":"product_cat","embeddable":true,"href":"https:\/\/dentaleducation.be\/index.php\/wp-json\/wp\/v2\/product_cat?post=3829"},{"taxonomy":"product_tag","embeddable":true,"href":"https:\/\/dentaleducation.be\/index.php\/wp-json\/wp\/v2\/product_tag?post=3829"}],"curies":[{"name":"wp","href":"https:\/\/api.w.org\/{rel}","templated":true}]}}