{"id":4614,"date":"2024-10-03T12:17:41","date_gmt":"2024-10-03T10:17:41","guid":{"rendered":"https:\/\/dentaleducation.be\/?post_type=product&#038;p=4614"},"modified":"2025-08-05T15:44:46","modified_gmt":"2025-08-05T13:44:46","slug":"rog-en-implantologie-etat-des-lieux-et-innovations","status":"publish","type":"product","link":"https:\/\/dentaleducation.be\/index.php\/produit\/rog-en-implantologie-etat-des-lieux-et-innovations\/","title":{"rendered":"ROG en implantologie : Etat des Lieux et Innovations"},"content":{"rendered":"<p>Rejoignez-nous et explorez les derni\u00e8res avanc\u00e9es et techniques dans le domaine de la R\u00e9g\u00e9n\u00e9ration Osseuse Guid\u00e9e (ROG). Cet \u00e9v\u00e9nement r\u00e9unira des experts reconnus de l&#8217;implantologie pour partager leurs connaissances et exp\u00e9riences, offrant ainsi une vue d&#8217;ensemble sur les m\u00e9thodes actuelles et les innovations prometteuses.<\/p>\n<p>Vous aurez l&#8217;occasion d&#8217;assister \u00e0 des pr\u00e9sentations d\u00e9taill\u00e9es couvrant :<\/p>\n<ul>\n<li>Les bases scientifiques de la ROG et son \u00e9volution.<\/li>\n<li>Les diff\u00e9rentes techniques de ROG, incluant les diff\u00e9rents mat\u00e9riaux de greffe, les types de membranes et comment les utiliser efficacement.<\/li>\n<li>Les indications cliniques des diff\u00e9rentes techniques.<\/li>\n<li>Les d\u00e9fis rencontr\u00e9s en pratique clinique et les solutions propos\u00e9es par les experts.<\/li>\n<li>Des \u00e9tudes de cas illustrant les techniques propos\u00e9es.<\/li>\n<li>Les perspectives et guidelines actuelles dans le domaine de la ROG.<\/li>\n<\/ul>\n<p>&nbsp;<\/p>\n<p>Cette journ\u00e9e de conf\u00e9rence est con\u00e7ue pour les praticiens en implantologie, les chirurgiens dentistes, les chercheurs et les \u00e9tudiants souhaitant approfondir leurs connaissances sur la R\u00e9g\u00e9n\u00e9ration Osseuse Guid\u00e9e. Les participants pourront \u00e9galement profiter des sessions interactives pour poser leurs questions et \u00e9changer avec les conf\u00e9renciers.<\/p>\n<p>Rejoignez <a href=\"https:\/\/dentaleducation.be\/index.php\/formateurs\/pierre-keller\/\" target=\"_blank\" rel=\"noopener\">Pierre Keller<\/a> &amp; <a href=\"https:\/\/dentaleducation.be\/index.php\/formateurs\/france-lambert\/\" target=\"_blank\" rel=\"noopener\">France Lambert<\/a> pour une journ\u00e9e enrichissante d\u00e9di\u00e9e \u00e0 l&#8217;exploration des derni\u00e8res avanc\u00e9es en ROG et \u00e0 l&#8217;am\u00e9lioration de la pratique de l&#8217;implantologie.<\/p>\n","protected":false},"excerpt":{"rendered":"<p>Date : 12 avril 2025 | De 8h30 \u00e0 17h30<\/p>\n<p>Lieu : H\u00f4tel Hilton Brussels City | Rue Gineste 3, 1210 Bruxelles<\/p>\n","protected":false},"featured_media":5195,"comment_status":"open","ping_status":"closed","template":"","meta":{"_acf_changed":false,"ocean_post_layout":"","ocean_both_sidebars_style":"","ocean_both_sidebars_content_width":0,"ocean_both_sidebars_sidebars_width":0,"ocean_sidebar":"0","ocean_second_sidebar":"0","ocean_disable_margins":"enable","ocean_add_body_class":"","ocean_shortcode_before_top_bar":"","ocean_shortcode_after_top_bar":"","ocean_shortcode_before_header":"","ocean_shortcode_after_header":"","ocean_has_shortcode":"","ocean_shortcode_after_title":"","ocean_shortcode_before_footer_widgets":"","ocean_shortcode_after_footer_widgets":"","ocean_shortcode_before_footer_bottom":"","ocean_shortcode_after_footer_bottom":"","ocean_display_top_bar":"default","ocean_display_header":"default","ocean_header_style":"","ocean_center_header_left_menu":"0","ocean_custom_header_template":"0","ocean_custom_logo":0,"ocean_custom_retina_logo":0,"ocean_custom_logo_max_width":0,"ocean_custom_logo_tablet_max_width":0,"ocean_custom_logo_mobile_max_width":0,"ocean_custom_logo_max_height":0,"ocean_custom_logo_tablet_max_height":0,"ocean_custom_logo_mobile_max_height":0,"ocean_header_custom_menu":"0","ocean_menu_typo_font_family":"0","ocean_menu_typo_font_subset":"","ocean_menu_typo_font_size":0,"ocean_menu_typo_font_size_tablet":0,"ocean_menu_typo_font_size_mobile":0,"ocean_menu_typo_font_size_unit":"px","ocean_menu_typo_font_weight":"","ocean_menu_typo_font_weight_tablet":"","ocean_menu_typo_font_weight_mobile":"","ocean_menu_typo_transform":"","ocean_menu_typo_transform_tablet":"","ocean_menu_typo_transform_mobile":"","ocean_menu_typo_line_height":0,"ocean_menu_typo_line_height_tablet":0,"ocean_menu_typo_line_height_mobile":0,"ocean_menu_typo_line_height_unit":"","ocean_menu_typo_spacing":0,"ocean_menu_typo_spacing_tablet":0,"ocean_menu_typo_spacing_mobile":0,"ocean_menu_typo_spacing_unit":"","ocean_menu_link_color":"","ocean_menu_link_color_hover":"","ocean_menu_link_color_active":"","ocean_menu_link_background":"","ocean_menu_link_hover_background":"","ocean_menu_link_active_background":"","ocean_menu_social_links_bg":"","ocean_menu_social_hover_links_bg":"","ocean_menu_social_links_color":"","ocean_menu_social_hover_links_color":"","ocean_disable_title":"on","ocean_disable_heading":"default","ocean_post_title":"","ocean_post_subheading":"","ocean_post_title_style":"","ocean_post_title_background_color":"","ocean_post_title_background":0,"ocean_post_title_bg_image_position":"","ocean_post_title_bg_image_attachment":"","ocean_post_title_bg_image_repeat":"","ocean_post_title_bg_image_size":"","ocean_post_title_height":0,"ocean_post_title_bg_overlay":0.5,"ocean_post_title_bg_overlay_color":"","ocean_disable_breadcrumbs":"default","ocean_breadcrumbs_color":"","ocean_breadcrumbs_separator_color":"","ocean_breadcrumbs_links_color":"","ocean_breadcrumbs_links_hover_color":"","ocean_display_footer_widgets":"off","ocean_display_footer_bottom":"off","ocean_custom_footer_template":"0"},"product_brand":[],"product_cat":[23],"product_tag":[48],"class_list":{"0":"post-4614","1":"product","2":"type-product","3":"status-publish","4":"has-post-thumbnail","6":"product_cat-nos-workshops","7":"product_tag-rog-en-implantologie","9":"entry","10":"has-media","12":"first","13":"outofstock","14":"virtual","15":"purchasable","16":"product-type-simple","17":"has-product-nav","18":"col","19":"span_1_of_3","20":"owp-content-center","21":"owp-thumbs-layout-horizontal","22":"owp-btn-normal","23":"owp-tabs-layout-horizontal","24":"has-no-thumbnails"},"acf":[],"yoast_head":"<!-- This site is optimized with the Yoast SEO plugin v27.4 - https:\/\/yoast.com\/product\/yoast-seo-wordpress\/ -->\n<title>ROG en implantologie : Etat des Lieux et Innovations<\/title>\n<meta name=\"description\" content=\"Rejoignez Pierre Keller &amp; France Lambert pour une journ\u00e9e enrichissante d\u00e9di\u00e9e \u00e0 l&#039;exploration des derni\u00e8res avanc\u00e9es en ROG.\" \/>\n<meta name=\"robots\" content=\"index, follow, max-snippet:-1, max-image-preview:large, max-video-preview:-1\" \/>\n<link rel=\"canonical\" href=\"https:\/\/dentaleducation.be\/index.php\/produit\/rog-en-implantologie-etat-des-lieux-et-innovations\/\" \/>\n<meta property=\"og:locale\" content=\"fr_FR\" \/>\n<meta property=\"og:type\" content=\"article\" \/>\n<meta property=\"og:title\" content=\"ROG en implantologie : Etat des Lieux et Innovations\" \/>\n<meta property=\"og:description\" content=\"Rejoignez Pierre Keller &amp; France Lambert pour une journ\u00e9e enrichissante d\u00e9di\u00e9e \u00e0 l&#039;exploration des derni\u00e8res avanc\u00e9es en ROG.\" \/>\n<meta property=\"og:url\" content=\"https:\/\/dentaleducation.be\/index.php\/produit\/rog-en-implantologie-etat-des-lieux-et-innovations\/\" \/>\n<meta property=\"og:site_name\" content=\"Dental Education\" \/>\n<meta property=\"article:publisher\" content=\"https:\/\/www.facebook.com\/DentalEducationAssociation\" \/>\n<meta property=\"article:modified_time\" content=\"2025-08-05T13:44:46+00:00\" \/>\n<meta property=\"og:image\" content=\"https:\/\/dentaleducation.be\/wp-content\/uploads\/2024\/10\/WhatsApp-Image-2024-12-11-at-14.38.11-min.jpeg\" \/>\n\t<meta property=\"og:image:width\" content=\"1080\" \/>\n\t<meta property=\"og:image:height\" content=\"1080\" \/>\n\t<meta property=\"og:image:type\" content=\"image\/jpeg\" \/>\n<meta name=\"twitter:card\" content=\"summary_large_image\" \/>\n<meta name=\"twitter:label1\" content=\"Dur\u00e9e de lecture estim\u00e9e\" \/>\n\t<meta name=\"twitter:data1\" content=\"2 minutes\" \/>\n<script type=\"application\/ld+json\" class=\"yoast-schema-graph\">{\"@context\":\"https:\\\/\\\/schema.org\",\"@graph\":[{\"@type\":\"WebPage\",\"@id\":\"https:\\\/\\\/dentaleducation.be\\\/index.php\\\/produit\\\/rog-en-implantologie-etat-des-lieux-et-innovations\\\/\",\"url\":\"https:\\\/\\\/dentaleducation.be\\\/index.php\\\/produit\\\/rog-en-implantologie-etat-des-lieux-et-innovations\\\/\",\"name\":\"ROG en implantologie : Etat des Lieux et Innovations\",\"isPartOf\":{\"@id\":\"https:\\\/\\\/dentaleducation.be\\\/#website\"},\"primaryImageOfPage\":{\"@id\":\"https:\\\/\\\/dentaleducation.be\\\/index.php\\\/produit\\\/rog-en-implantologie-etat-des-lieux-et-innovations\\\/#primaryimage\"},\"image\":{\"@id\":\"https:\\\/\\\/dentaleducation.be\\\/index.php\\\/produit\\\/rog-en-implantologie-etat-des-lieux-et-innovations\\\/#primaryimage\"},\"thumbnailUrl\":\"https:\\\/\\\/dentaleducation.be\\\/wp-content\\\/uploads\\\/2024\\\/10\\\/WhatsApp-Image-2024-12-11-at-14.38.11-min.jpeg\",\"datePublished\":\"2024-10-03T10:17:41+00:00\",\"dateModified\":\"2025-08-05T13:44:46+00:00\",\"description\":\"Rejoignez Pierre Keller & France Lambert pour une journ\u00e9e enrichissante d\u00e9di\u00e9e \u00e0 l'exploration des derni\u00e8res avanc\u00e9es en ROG.\",\"breadcrumb\":{\"@id\":\"https:\\\/\\\/dentaleducation.be\\\/index.php\\\/produit\\\/rog-en-implantologie-etat-des-lieux-et-innovations\\\/#breadcrumb\"},\"inLanguage\":\"fr-FR\",\"potentialAction\":[{\"@type\":\"ReadAction\",\"target\":[\"https:\\\/\\\/dentaleducation.be\\\/index.php\\\/produit\\\/rog-en-implantologie-etat-des-lieux-et-innovations\\\/\"]}]},{\"@type\":\"ImageObject\",\"inLanguage\":\"fr-FR\",\"@id\":\"https:\\\/\\\/dentaleducation.be\\\/index.php\\\/produit\\\/rog-en-implantologie-etat-des-lieux-et-innovations\\\/#primaryimage\",\"url\":\"https:\\\/\\\/dentaleducation.be\\\/wp-content\\\/uploads\\\/2024\\\/10\\\/WhatsApp-Image-2024-12-11-at-14.38.11-min.jpeg\",\"contentUrl\":\"https:\\\/\\\/dentaleducation.be\\\/wp-content\\\/uploads\\\/2024\\\/10\\\/WhatsApp-Image-2024-12-11-at-14.38.11-min.jpeg\",\"width\":1080,\"height\":1080,\"caption\":\"ROG en implantologie : Etat des Lieux et Innovations\"},{\"@type\":\"BreadcrumbList\",\"@id\":\"https:\\\/\\\/dentaleducation.be\\\/index.php\\\/produit\\\/rog-en-implantologie-etat-des-lieux-et-innovations\\\/#breadcrumb\",\"itemListElement\":[{\"@type\":\"ListItem\",\"position\":1,\"name\":\"Accueil\",\"item\":\"https:\\\/\\\/dentaleducation.be\\\/\"},{\"@type\":\"ListItem\",\"position\":2,\"name\":\"Boutique\",\"item\":\"https:\\\/\\\/dentaleducation.be\\\/index.php\\\/boutique\\\/\"},{\"@type\":\"ListItem\",\"position\":3,\"name\":\"ROG en implantologie : Etat des Lieux et Innovations\"}]},{\"@type\":\"WebSite\",\"@id\":\"https:\\\/\\\/dentaleducation.be\\\/#website\",\"url\":\"https:\\\/\\\/dentaleducation.be\\\/\",\"name\":\"Dental Education\",\"description\":\"Vivez une nouvelle exp\u00e9rience du savoir !\",\"publisher\":{\"@id\":\"https:\\\/\\\/dentaleducation.be\\\/#organization\"},\"potentialAction\":[{\"@type\":\"SearchAction\",\"target\":{\"@type\":\"EntryPoint\",\"urlTemplate\":\"https:\\\/\\\/dentaleducation.be\\\/?s={search_term_string}\"},\"query-input\":{\"@type\":\"PropertyValueSpecification\",\"valueRequired\":true,\"valueName\":\"search_term_string\"}}],\"inLanguage\":\"fr-FR\"},{\"@type\":\"Organization\",\"@id\":\"https:\\\/\\\/dentaleducation.be\\\/#organization\",\"name\":\"Dental Education\",\"url\":\"https:\\\/\\\/dentaleducation.be\\\/\",\"logo\":{\"@type\":\"ImageObject\",\"inLanguage\":\"fr-FR\",\"@id\":\"https:\\\/\\\/dentaleducation.be\\\/#\\\/schema\\\/logo\\\/image\\\/\",\"url\":\"https:\\\/\\\/dentaleducation.be\\\/wp-content\\\/uploads\\\/2023\\\/05\\\/Logo_DentalEducation_noir-jpeg.jpg\",\"contentUrl\":\"https:\\\/\\\/dentaleducation.be\\\/wp-content\\\/uploads\\\/2023\\\/05\\\/Logo_DentalEducation_noir-jpeg.jpg\",\"width\":1024,\"height\":371,\"caption\":\"Dental Education\"},\"image\":{\"@id\":\"https:\\\/\\\/dentaleducation.be\\\/#\\\/schema\\\/logo\\\/image\\\/\"},\"sameAs\":[\"https:\\\/\\\/www.facebook.com\\\/DentalEducationAssociation\",\"https:\\\/\\\/www.linkedin.com\\\/company\\\/dentaleducationasbl\\\/\",\"https:\\\/\\\/www.instagram.com\\\/dentaleducation_asbl\\\/\"]}]}<\/script>\n<!-- \/ Yoast SEO plugin. -->","yoast_head_json":{"title":"ROG en implantologie : Etat des Lieux et Innovations","description":"Rejoignez Pierre Keller & France Lambert pour une journ\u00e9e enrichissante d\u00e9di\u00e9e \u00e0 l'exploration des derni\u00e8res avanc\u00e9es en ROG.","robots":{"index":"index","follow":"follow","max-snippet":"max-snippet:-1","max-image-preview":"max-image-preview:large","max-video-preview":"max-video-preview:-1"},"canonical":"https:\/\/dentaleducation.be\/index.php\/produit\/rog-en-implantologie-etat-des-lieux-et-innovations\/","og_locale":"fr_FR","og_type":"article","og_title":"ROG en implantologie : Etat des Lieux et Innovations","og_description":"Rejoignez Pierre Keller & France Lambert pour une journ\u00e9e enrichissante d\u00e9di\u00e9e \u00e0 l'exploration des derni\u00e8res avanc\u00e9es en ROG.","og_url":"https:\/\/dentaleducation.be\/index.php\/produit\/rog-en-implantologie-etat-des-lieux-et-innovations\/","og_site_name":"Dental Education","article_publisher":"https:\/\/www.facebook.com\/DentalEducationAssociation","article_modified_time":"2025-08-05T13:44:46+00:00","og_image":[{"width":1080,"height":1080,"url":"https:\/\/dentaleducation.be\/wp-content\/uploads\/2024\/10\/WhatsApp-Image-2024-12-11-at-14.38.11-min.jpeg","type":"image\/jpeg"}],"twitter_card":"summary_large_image","twitter_misc":{"Dur\u00e9e de lecture estim\u00e9e":"2 minutes"},"schema":{"@context":"https:\/\/schema.org","@graph":[{"@type":"WebPage","@id":"https:\/\/dentaleducation.be\/index.php\/produit\/rog-en-implantologie-etat-des-lieux-et-innovations\/","url":"https:\/\/dentaleducation.be\/index.php\/produit\/rog-en-implantologie-etat-des-lieux-et-innovations\/","name":"ROG en implantologie : Etat des Lieux et Innovations","isPartOf":{"@id":"https:\/\/dentaleducation.be\/#website"},"primaryImageOfPage":{"@id":"https:\/\/dentaleducation.be\/index.php\/produit\/rog-en-implantologie-etat-des-lieux-et-innovations\/#primaryimage"},"image":{"@id":"https:\/\/dentaleducation.be\/index.php\/produit\/rog-en-implantologie-etat-des-lieux-et-innovations\/#primaryimage"},"thumbnailUrl":"https:\/\/dentaleducation.be\/wp-content\/uploads\/2024\/10\/WhatsApp-Image-2024-12-11-at-14.38.11-min.jpeg","datePublished":"2024-10-03T10:17:41+00:00","dateModified":"2025-08-05T13:44:46+00:00","description":"Rejoignez Pierre Keller & France Lambert pour une journ\u00e9e enrichissante d\u00e9di\u00e9e \u00e0 l'exploration des derni\u00e8res avanc\u00e9es en ROG.","breadcrumb":{"@id":"https:\/\/dentaleducation.be\/index.php\/produit\/rog-en-implantologie-etat-des-lieux-et-innovations\/#breadcrumb"},"inLanguage":"fr-FR","potentialAction":[{"@type":"ReadAction","target":["https:\/\/dentaleducation.be\/index.php\/produit\/rog-en-implantologie-etat-des-lieux-et-innovations\/"]}]},{"@type":"ImageObject","inLanguage":"fr-FR","@id":"https:\/\/dentaleducation.be\/index.php\/produit\/rog-en-implantologie-etat-des-lieux-et-innovations\/#primaryimage","url":"https:\/\/dentaleducation.be\/wp-content\/uploads\/2024\/10\/WhatsApp-Image-2024-12-11-at-14.38.11-min.jpeg","contentUrl":"https:\/\/dentaleducation.be\/wp-content\/uploads\/2024\/10\/WhatsApp-Image-2024-12-11-at-14.38.11-min.jpeg","width":1080,"height":1080,"caption":"ROG en implantologie : Etat des Lieux et Innovations"},{"@type":"BreadcrumbList","@id":"https:\/\/dentaleducation.be\/index.php\/produit\/rog-en-implantologie-etat-des-lieux-et-innovations\/#breadcrumb","itemListElement":[{"@type":"ListItem","position":1,"name":"Accueil","item":"https:\/\/dentaleducation.be\/"},{"@type":"ListItem","position":2,"name":"Boutique","item":"https:\/\/dentaleducation.be\/index.php\/boutique\/"},{"@type":"ListItem","position":3,"name":"ROG en implantologie : Etat des Lieux et Innovations"}]},{"@type":"WebSite","@id":"https:\/\/dentaleducation.be\/#website","url":"https:\/\/dentaleducation.be\/","name":"Dental Education","description":"Vivez une nouvelle exp\u00e9rience du savoir !","publisher":{"@id":"https:\/\/dentaleducation.be\/#organization"},"potentialAction":[{"@type":"SearchAction","target":{"@type":"EntryPoint","urlTemplate":"https:\/\/dentaleducation.be\/?s={search_term_string}"},"query-input":{"@type":"PropertyValueSpecification","valueRequired":true,"valueName":"search_term_string"}}],"inLanguage":"fr-FR"},{"@type":"Organization","@id":"https:\/\/dentaleducation.be\/#organization","name":"Dental Education","url":"https:\/\/dentaleducation.be\/","logo":{"@type":"ImageObject","inLanguage":"fr-FR","@id":"https:\/\/dentaleducation.be\/#\/schema\/logo\/image\/","url":"https:\/\/dentaleducation.be\/wp-content\/uploads\/2023\/05\/Logo_DentalEducation_noir-jpeg.jpg","contentUrl":"https:\/\/dentaleducation.be\/wp-content\/uploads\/2023\/05\/Logo_DentalEducation_noir-jpeg.jpg","width":1024,"height":371,"caption":"Dental Education"},"image":{"@id":"https:\/\/dentaleducation.be\/#\/schema\/logo\/image\/"},"sameAs":["https:\/\/www.facebook.com\/DentalEducationAssociation","https:\/\/www.linkedin.com\/company\/dentaleducationasbl\/","https:\/\/www.instagram.com\/dentaleducation_asbl\/"]}]}},"_links":{"self":[{"href":"https:\/\/dentaleducation.be\/index.php\/wp-json\/wp\/v2\/product\/4614","targetHints":{"allow":["GET"]}}],"collection":[{"href":"https:\/\/dentaleducation.be\/index.php\/wp-json\/wp\/v2\/product"}],"about":[{"href":"https:\/\/dentaleducation.be\/index.php\/wp-json\/wp\/v2\/types\/product"}],"replies":[{"embeddable":true,"href":"https:\/\/dentaleducation.be\/index.php\/wp-json\/wp\/v2\/comments?post=4614"}],"wp:featuredmedia":[{"embeddable":true,"href":"https:\/\/dentaleducation.be\/index.php\/wp-json\/wp\/v2\/media\/5195"}],"wp:attachment":[{"href":"https:\/\/dentaleducation.be\/index.php\/wp-json\/wp\/v2\/media?parent=4614"}],"wp:term":[{"taxonomy":"product_brand","embeddable":true,"href":"https:\/\/dentaleducation.be\/index.php\/wp-json\/wp\/v2\/product_brand?post=4614"},{"taxonomy":"product_cat","embeddable":true,"href":"https:\/\/dentaleducation.be\/index.php\/wp-json\/wp\/v2\/product_cat?post=4614"},{"taxonomy":"product_tag","embeddable":true,"href":"https:\/\/dentaleducation.be\/index.php\/wp-json\/wp\/v2\/product_tag?post=4614"}],"curies":[{"name":"wp","href":"https:\/\/api.w.org\/{rel}","templated":true}]}}