{"id":7003,"date":"2025-12-10T13:34:50","date_gmt":"2025-12-10T12:34:50","guid":{"rendered":"https:\/\/dentaleducation.be\/?post_type=product&#038;p=7003"},"modified":"2026-04-20T21:10:52","modified_gmt":"2026-04-20T19:10:52","slug":"les-restaurations-adhesives-posterieures-indirectes","status":"publish","type":"product","link":"https:\/\/dentaleducation.be\/index.php\/produit\/les-restaurations-adhesives-posterieures-indirectes\/","title":{"rendered":"Les restaurations adh\u00e9sives post\u00e9rieures indirectes"},"content":{"rendered":"<p data-start=\"138\" data-end=\"258\">\u00c9levez la qualit\u00e9 de vos restaurations post\u00e9rieures indirectes avec notre formation compl\u00e8te anim\u00e9e par <a href=\"https:\/\/dentaleducation.be\/index.php\/formateurs\/frederic-bellot\/\" target=\"_blank\" rel=\"noopener\">Fr\u00e9d\u00e9ric Bellot<\/a>.<\/p>\n<p data-start=\"260\" data-end=\"453\">D\u00e9couvrez les concepts cl\u00e9s des pr\u00e9parations adh\u00e9sives et ma\u00eetrisez les protocoles modernes d\u2019IDS, d\u2019empreinte optique et de design cavitaire \u00e0 travers un programme structur\u00e9 sur deux journ\u00e9es.<\/p>\n<p data-start=\"455\" data-end=\"810\">Le premier jour combine principes scientifiques et mise en pratique : isolation, indications th\u00e9rapeutiques, pr\u00e9paration d\u2019onlays\/overlays sur mod\u00e8les et r\u00e9alisation d\u2019empreintes sous digue. Le second jour vous plonge dans la gestion des f\u00ealures, l\u2019essayage des pi\u00e8ces et les protocoles de collage en c\u00e9ramique ou composite, avec des cas pratiques guid\u00e9s.<\/p>\n<p data-start=\"812\" data-end=\"972\" data-is-last-node=\"\" data-is-only-node=\"\">Ce cours met en lumi\u00e8re des techniques fiables et reproductibles pour optimiser vos restaurations quotidiennes et am\u00e9liorer durablement vos r\u00e9sultats cliniques.<\/p>\n","protected":false},"excerpt":{"rendered":"<p>Date :\u00a0 27 &amp; 28 novembre 2026 | D\u00e9but \u00e0 8h30<\/p>\n<p>Lieu : DoubleTree by Hilton Brussels City | Rue Gineste 3, 1210 Bruxelles<\/p>\n<p>Cr\u00e9dits : 80 UA demand\u00e9es<\/p>\n","protected":false},"featured_media":3891,"comment_status":"open","ping_status":"closed","template":"","meta":{"_acf_changed":false,"ocean_post_layout":"","ocean_both_sidebars_style":"","ocean_both_sidebars_content_width":0,"ocean_both_sidebars_sidebars_width":0,"ocean_sidebar":"0","ocean_second_sidebar":"0","ocean_disable_margins":"enable","ocean_add_body_class":"","ocean_shortcode_before_top_bar":"","ocean_shortcode_after_top_bar":"","ocean_shortcode_before_header":"","ocean_shortcode_after_header":"","ocean_has_shortcode":"","ocean_shortcode_after_title":"","ocean_shortcode_before_footer_widgets":"","ocean_shortcode_after_footer_widgets":"","ocean_shortcode_before_footer_bottom":"","ocean_shortcode_after_footer_bottom":"","ocean_display_top_bar":"default","ocean_display_header":"default","ocean_header_style":"","ocean_center_header_left_menu":"0","ocean_custom_header_template":"0","ocean_custom_logo":0,"ocean_custom_retina_logo":0,"ocean_custom_logo_max_width":0,"ocean_custom_logo_tablet_max_width":0,"ocean_custom_logo_mobile_max_width":0,"ocean_custom_logo_max_height":0,"ocean_custom_logo_tablet_max_height":0,"ocean_custom_logo_mobile_max_height":0,"ocean_header_custom_menu":"0","ocean_menu_typo_font_family":"0","ocean_menu_typo_font_subset":"","ocean_menu_typo_font_size":0,"ocean_menu_typo_font_size_tablet":0,"ocean_menu_typo_font_size_mobile":0,"ocean_menu_typo_font_size_unit":"px","ocean_menu_typo_font_weight":"","ocean_menu_typo_font_weight_tablet":"","ocean_menu_typo_font_weight_mobile":"","ocean_menu_typo_transform":"","ocean_menu_typo_transform_tablet":"","ocean_menu_typo_transform_mobile":"","ocean_menu_typo_line_height":0,"ocean_menu_typo_line_height_tablet":0,"ocean_menu_typo_line_height_mobile":0,"ocean_menu_typo_line_height_unit":"","ocean_menu_typo_spacing":0,"ocean_menu_typo_spacing_tablet":0,"ocean_menu_typo_spacing_mobile":0,"ocean_menu_typo_spacing_unit":"","ocean_menu_link_color":"","ocean_menu_link_color_hover":"","ocean_menu_link_color_active":"","ocean_menu_link_background":"","ocean_menu_link_hover_background":"","ocean_menu_link_active_background":"","ocean_menu_social_links_bg":"","ocean_menu_social_hover_links_bg":"","ocean_menu_social_links_color":"","ocean_menu_social_hover_links_color":"","ocean_disable_title":"on","ocean_disable_heading":"default","ocean_post_title":"","ocean_post_subheading":"","ocean_post_title_style":"","ocean_post_title_background_color":"","ocean_post_title_background":0,"ocean_post_title_bg_image_position":"","ocean_post_title_bg_image_attachment":"","ocean_post_title_bg_image_repeat":"","ocean_post_title_bg_image_size":"","ocean_post_title_height":0,"ocean_post_title_bg_overlay":0.5,"ocean_post_title_bg_overlay_color":"","ocean_disable_breadcrumbs":"default","ocean_breadcrumbs_color":"","ocean_breadcrumbs_separator_color":"","ocean_breadcrumbs_links_color":"","ocean_breadcrumbs_links_hover_color":"","ocean_display_footer_widgets":"off","ocean_display_footer_bottom":"off","ocean_custom_footer_template":"0"},"product_brand":[],"product_cat":[23],"product_tag":[42],"class_list":{"0":"post-7003","1":"product","2":"type-product","3":"status-publish","4":"has-post-thumbnail","6":"product_cat-nos-workshops","7":"product_tag-la-digue-sereniser-sa-pratique-clinique-par-lisolation","9":"entry","10":"has-media","12":"first","13":"instock","14":"virtual","15":"purchasable","16":"product-type-simple","17":"has-product-nav","18":"col","19":"span_1_of_3","20":"owp-content-center","21":"owp-thumbs-layout-horizontal","22":"owp-btn-normal","23":"owp-tabs-layout-horizontal","24":"has-no-thumbnails"},"acf":[],"yoast_head":"<!-- This site is optimized with the Yoast SEO plugin v27.4 - https:\/\/yoast.com\/product\/yoast-seo-wordpress\/ -->\n<title>Les restaurations adh\u00e9sives post\u00e9rieures indirectes<\/title>\n<meta name=\"description\" content=\"\u00c9levez la qualit\u00e9 de vos restaurations post\u00e9rieures indirectes avec notre formation compl\u00e8te anim\u00e9e par Fr\u00e9d\u00e9ric Bellot. D\u00e9couvrez les concepts cl\u00e9s...\" \/>\n<meta name=\"robots\" content=\"index, follow, max-snippet:-1, max-image-preview:large, max-video-preview:-1\" \/>\n<link rel=\"canonical\" href=\"https:\/\/dentaleducation.be\/index.php\/produit\/les-restaurations-adhesives-posterieures-indirectes\/\" \/>\n<meta property=\"og:locale\" content=\"fr_FR\" \/>\n<meta property=\"og:type\" content=\"article\" \/>\n<meta property=\"og:title\" content=\"Les restaurations adh\u00e9sives post\u00e9rieures indirectes\" \/>\n<meta property=\"og:description\" content=\"\u00c9levez la qualit\u00e9 de vos restaurations post\u00e9rieures indirectes avec notre formation compl\u00e8te anim\u00e9e par Fr\u00e9d\u00e9ric Bellot. D\u00e9couvrez les concepts cl\u00e9s...\" \/>\n<meta property=\"og:url\" content=\"https:\/\/dentaleducation.be\/index.php\/produit\/les-restaurations-adhesives-posterieures-indirectes\/\" \/>\n<meta property=\"og:site_name\" content=\"Dental Education\" \/>\n<meta property=\"article:publisher\" content=\"https:\/\/www.facebook.com\/DentalEducationAssociation\" \/>\n<meta property=\"article:modified_time\" content=\"2026-04-20T19:10:52+00:00\" \/>\n<meta property=\"og:image\" content=\"https:\/\/dentaleducation.be\/wp-content\/uploads\/2024\/03\/Dental-la-digue-159-1-min.jpg\" \/>\n\t<meta property=\"og:image:width\" content=\"1000\" \/>\n\t<meta property=\"og:image:height\" content=\"667\" \/>\n\t<meta property=\"og:image:type\" content=\"image\/jpeg\" \/>\n<meta name=\"twitter:card\" content=\"summary_large_image\" \/>\n<meta name=\"twitter:label1\" content=\"Dur\u00e9e de lecture estim\u00e9e\" \/>\n\t<meta name=\"twitter:data1\" content=\"1 minute\" \/>\n<script type=\"application\/ld+json\" class=\"yoast-schema-graph\">{\"@context\":\"https:\\\/\\\/schema.org\",\"@graph\":[{\"@type\":\"WebPage\",\"@id\":\"https:\\\/\\\/dentaleducation.be\\\/index.php\\\/produit\\\/les-restaurations-adhesives-posterieures-indirectes\\\/\",\"url\":\"https:\\\/\\\/dentaleducation.be\\\/index.php\\\/produit\\\/les-restaurations-adhesives-posterieures-indirectes\\\/\",\"name\":\"Les restaurations adh\u00e9sives post\u00e9rieures indirectes\",\"isPartOf\":{\"@id\":\"https:\\\/\\\/dentaleducation.be\\\/#website\"},\"primaryImageOfPage\":{\"@id\":\"https:\\\/\\\/dentaleducation.be\\\/index.php\\\/produit\\\/les-restaurations-adhesives-posterieures-indirectes\\\/#primaryimage\"},\"image\":{\"@id\":\"https:\\\/\\\/dentaleducation.be\\\/index.php\\\/produit\\\/les-restaurations-adhesives-posterieures-indirectes\\\/#primaryimage\"},\"thumbnailUrl\":\"https:\\\/\\\/dentaleducation.be\\\/wp-content\\\/uploads\\\/2024\\\/03\\\/Dental-la-digue-159-1-min.jpg\",\"datePublished\":\"2025-12-10T12:34:50+00:00\",\"dateModified\":\"2026-04-20T19:10:52+00:00\",\"description\":\"\u00c9levez la qualit\u00e9 de vos restaurations post\u00e9rieures indirectes avec notre formation compl\u00e8te anim\u00e9e par Fr\u00e9d\u00e9ric Bellot. D\u00e9couvrez les concepts cl\u00e9s...\",\"breadcrumb\":{\"@id\":\"https:\\\/\\\/dentaleducation.be\\\/index.php\\\/produit\\\/les-restaurations-adhesives-posterieures-indirectes\\\/#breadcrumb\"},\"inLanguage\":\"fr-FR\",\"potentialAction\":[{\"@type\":\"ReadAction\",\"target\":[\"https:\\\/\\\/dentaleducation.be\\\/index.php\\\/produit\\\/les-restaurations-adhesives-posterieures-indirectes\\\/\"]}]},{\"@type\":\"ImageObject\",\"inLanguage\":\"fr-FR\",\"@id\":\"https:\\\/\\\/dentaleducation.be\\\/index.php\\\/produit\\\/les-restaurations-adhesives-posterieures-indirectes\\\/#primaryimage\",\"url\":\"https:\\\/\\\/dentaleducation.be\\\/wp-content\\\/uploads\\\/2024\\\/03\\\/Dental-la-digue-159-1-min.jpg\",\"contentUrl\":\"https:\\\/\\\/dentaleducation.be\\\/wp-content\\\/uploads\\\/2024\\\/03\\\/Dental-la-digue-159-1-min.jpg\",\"width\":1000,\"height\":667,\"caption\":\"La Digue : S\u00e9r\u00e9niser sa pratique clinique par l\u2019isolation\"},{\"@type\":\"BreadcrumbList\",\"@id\":\"https:\\\/\\\/dentaleducation.be\\\/index.php\\\/produit\\\/les-restaurations-adhesives-posterieures-indirectes\\\/#breadcrumb\",\"itemListElement\":[{\"@type\":\"ListItem\",\"position\":1,\"name\":\"Accueil\",\"item\":\"https:\\\/\\\/dentaleducation.be\\\/\"},{\"@type\":\"ListItem\",\"position\":2,\"name\":\"Boutique\",\"item\":\"https:\\\/\\\/dentaleducation.be\\\/index.php\\\/boutique\\\/\"},{\"@type\":\"ListItem\",\"position\":3,\"name\":\"Les restaurations adh\u00e9sives post\u00e9rieures indirectes\"}]},{\"@type\":\"WebSite\",\"@id\":\"https:\\\/\\\/dentaleducation.be\\\/#website\",\"url\":\"https:\\\/\\\/dentaleducation.be\\\/\",\"name\":\"Dental Education\",\"description\":\"Vivez une nouvelle exp\u00e9rience du savoir !\",\"publisher\":{\"@id\":\"https:\\\/\\\/dentaleducation.be\\\/#organization\"},\"potentialAction\":[{\"@type\":\"SearchAction\",\"target\":{\"@type\":\"EntryPoint\",\"urlTemplate\":\"https:\\\/\\\/dentaleducation.be\\\/?s={search_term_string}\"},\"query-input\":{\"@type\":\"PropertyValueSpecification\",\"valueRequired\":true,\"valueName\":\"search_term_string\"}}],\"inLanguage\":\"fr-FR\"},{\"@type\":\"Organization\",\"@id\":\"https:\\\/\\\/dentaleducation.be\\\/#organization\",\"name\":\"Dental Education\",\"url\":\"https:\\\/\\\/dentaleducation.be\\\/\",\"logo\":{\"@type\":\"ImageObject\",\"inLanguage\":\"fr-FR\",\"@id\":\"https:\\\/\\\/dentaleducation.be\\\/#\\\/schema\\\/logo\\\/image\\\/\",\"url\":\"https:\\\/\\\/dentaleducation.be\\\/wp-content\\\/uploads\\\/2023\\\/05\\\/Logo_DentalEducation_noir-jpeg.jpg\",\"contentUrl\":\"https:\\\/\\\/dentaleducation.be\\\/wp-content\\\/uploads\\\/2023\\\/05\\\/Logo_DentalEducation_noir-jpeg.jpg\",\"width\":1024,\"height\":371,\"caption\":\"Dental Education\"},\"image\":{\"@id\":\"https:\\\/\\\/dentaleducation.be\\\/#\\\/schema\\\/logo\\\/image\\\/\"},\"sameAs\":[\"https:\\\/\\\/www.facebook.com\\\/DentalEducationAssociation\",\"https:\\\/\\\/www.linkedin.com\\\/company\\\/dentaleducationasbl\\\/\",\"https:\\\/\\\/www.instagram.com\\\/dentaleducation_asbl\\\/\"]}]}<\/script>\n<!-- \/ Yoast SEO plugin. -->","yoast_head_json":{"title":"Les restaurations adh\u00e9sives post\u00e9rieures indirectes","description":"\u00c9levez la qualit\u00e9 de vos restaurations post\u00e9rieures indirectes avec notre formation compl\u00e8te anim\u00e9e par Fr\u00e9d\u00e9ric Bellot. D\u00e9couvrez les concepts cl\u00e9s...","robots":{"index":"index","follow":"follow","max-snippet":"max-snippet:-1","max-image-preview":"max-image-preview:large","max-video-preview":"max-video-preview:-1"},"canonical":"https:\/\/dentaleducation.be\/index.php\/produit\/les-restaurations-adhesives-posterieures-indirectes\/","og_locale":"fr_FR","og_type":"article","og_title":"Les restaurations adh\u00e9sives post\u00e9rieures indirectes","og_description":"\u00c9levez la qualit\u00e9 de vos restaurations post\u00e9rieures indirectes avec notre formation compl\u00e8te anim\u00e9e par Fr\u00e9d\u00e9ric Bellot. D\u00e9couvrez les concepts cl\u00e9s...","og_url":"https:\/\/dentaleducation.be\/index.php\/produit\/les-restaurations-adhesives-posterieures-indirectes\/","og_site_name":"Dental Education","article_publisher":"https:\/\/www.facebook.com\/DentalEducationAssociation","article_modified_time":"2026-04-20T19:10:52+00:00","og_image":[{"width":1000,"height":667,"url":"https:\/\/dentaleducation.be\/wp-content\/uploads\/2024\/03\/Dental-la-digue-159-1-min.jpg","type":"image\/jpeg"}],"twitter_card":"summary_large_image","twitter_misc":{"Dur\u00e9e de lecture estim\u00e9e":"1 minute"},"schema":{"@context":"https:\/\/schema.org","@graph":[{"@type":"WebPage","@id":"https:\/\/dentaleducation.be\/index.php\/produit\/les-restaurations-adhesives-posterieures-indirectes\/","url":"https:\/\/dentaleducation.be\/index.php\/produit\/les-restaurations-adhesives-posterieures-indirectes\/","name":"Les restaurations adh\u00e9sives post\u00e9rieures indirectes","isPartOf":{"@id":"https:\/\/dentaleducation.be\/#website"},"primaryImageOfPage":{"@id":"https:\/\/dentaleducation.be\/index.php\/produit\/les-restaurations-adhesives-posterieures-indirectes\/#primaryimage"},"image":{"@id":"https:\/\/dentaleducation.be\/index.php\/produit\/les-restaurations-adhesives-posterieures-indirectes\/#primaryimage"},"thumbnailUrl":"https:\/\/dentaleducation.be\/wp-content\/uploads\/2024\/03\/Dental-la-digue-159-1-min.jpg","datePublished":"2025-12-10T12:34:50+00:00","dateModified":"2026-04-20T19:10:52+00:00","description":"\u00c9levez la qualit\u00e9 de vos restaurations post\u00e9rieures indirectes avec notre formation compl\u00e8te anim\u00e9e par Fr\u00e9d\u00e9ric Bellot. D\u00e9couvrez les concepts cl\u00e9s...","breadcrumb":{"@id":"https:\/\/dentaleducation.be\/index.php\/produit\/les-restaurations-adhesives-posterieures-indirectes\/#breadcrumb"},"inLanguage":"fr-FR","potentialAction":[{"@type":"ReadAction","target":["https:\/\/dentaleducation.be\/index.php\/produit\/les-restaurations-adhesives-posterieures-indirectes\/"]}]},{"@type":"ImageObject","inLanguage":"fr-FR","@id":"https:\/\/dentaleducation.be\/index.php\/produit\/les-restaurations-adhesives-posterieures-indirectes\/#primaryimage","url":"https:\/\/dentaleducation.be\/wp-content\/uploads\/2024\/03\/Dental-la-digue-159-1-min.jpg","contentUrl":"https:\/\/dentaleducation.be\/wp-content\/uploads\/2024\/03\/Dental-la-digue-159-1-min.jpg","width":1000,"height":667,"caption":"La Digue : S\u00e9r\u00e9niser sa pratique clinique par l\u2019isolation"},{"@type":"BreadcrumbList","@id":"https:\/\/dentaleducation.be\/index.php\/produit\/les-restaurations-adhesives-posterieures-indirectes\/#breadcrumb","itemListElement":[{"@type":"ListItem","position":1,"name":"Accueil","item":"https:\/\/dentaleducation.be\/"},{"@type":"ListItem","position":2,"name":"Boutique","item":"https:\/\/dentaleducation.be\/index.php\/boutique\/"},{"@type":"ListItem","position":3,"name":"Les restaurations adh\u00e9sives post\u00e9rieures indirectes"}]},{"@type":"WebSite","@id":"https:\/\/dentaleducation.be\/#website","url":"https:\/\/dentaleducation.be\/","name":"Dental Education","description":"Vivez une nouvelle exp\u00e9rience du savoir !","publisher":{"@id":"https:\/\/dentaleducation.be\/#organization"},"potentialAction":[{"@type":"SearchAction","target":{"@type":"EntryPoint","urlTemplate":"https:\/\/dentaleducation.be\/?s={search_term_string}"},"query-input":{"@type":"PropertyValueSpecification","valueRequired":true,"valueName":"search_term_string"}}],"inLanguage":"fr-FR"},{"@type":"Organization","@id":"https:\/\/dentaleducation.be\/#organization","name":"Dental Education","url":"https:\/\/dentaleducation.be\/","logo":{"@type":"ImageObject","inLanguage":"fr-FR","@id":"https:\/\/dentaleducation.be\/#\/schema\/logo\/image\/","url":"https:\/\/dentaleducation.be\/wp-content\/uploads\/2023\/05\/Logo_DentalEducation_noir-jpeg.jpg","contentUrl":"https:\/\/dentaleducation.be\/wp-content\/uploads\/2023\/05\/Logo_DentalEducation_noir-jpeg.jpg","width":1024,"height":371,"caption":"Dental Education"},"image":{"@id":"https:\/\/dentaleducation.be\/#\/schema\/logo\/image\/"},"sameAs":["https:\/\/www.facebook.com\/DentalEducationAssociation","https:\/\/www.linkedin.com\/company\/dentaleducationasbl\/","https:\/\/www.instagram.com\/dentaleducation_asbl\/"]}]}},"_links":{"self":[{"href":"https:\/\/dentaleducation.be\/index.php\/wp-json\/wp\/v2\/product\/7003","targetHints":{"allow":["GET"]}}],"collection":[{"href":"https:\/\/dentaleducation.be\/index.php\/wp-json\/wp\/v2\/product"}],"about":[{"href":"https:\/\/dentaleducation.be\/index.php\/wp-json\/wp\/v2\/types\/product"}],"replies":[{"embeddable":true,"href":"https:\/\/dentaleducation.be\/index.php\/wp-json\/wp\/v2\/comments?post=7003"}],"wp:featuredmedia":[{"embeddable":true,"href":"https:\/\/dentaleducation.be\/index.php\/wp-json\/wp\/v2\/media\/3891"}],"wp:attachment":[{"href":"https:\/\/dentaleducation.be\/index.php\/wp-json\/wp\/v2\/media?parent=7003"}],"wp:term":[{"taxonomy":"product_brand","embeddable":true,"href":"https:\/\/dentaleducation.be\/index.php\/wp-json\/wp\/v2\/product_brand?post=7003"},{"taxonomy":"product_cat","embeddable":true,"href":"https:\/\/dentaleducation.be\/index.php\/wp-json\/wp\/v2\/product_cat?post=7003"},{"taxonomy":"product_tag","embeddable":true,"href":"https:\/\/dentaleducation.be\/index.php\/wp-json\/wp\/v2\/product_tag?post=7003"}],"curies":[{"name":"wp","href":"https:\/\/api.w.org\/{rel}","templated":true}]}}