{"id":7004,"date":"2025-12-10T13:43:34","date_gmt":"2025-12-10T12:43:34","guid":{"rendered":"https:\/\/dentaleducation.be\/?post_type=product&#038;p=7004"},"modified":"2026-05-13T02:15:28","modified_gmt":"2026-05-13T00:15:28","slug":"impact-du-composte-injecte-dans-lomnipratique-moderne","status":"publish","type":"product","link":"https:\/\/dentaleducation.be\/index.php\/produit\/impact-du-composte-injecte-dans-lomnipratique-moderne\/","title":{"rendered":"Impact du composite inject\u00e9 dans l\u2019omnipratique moderne"},"content":{"rendered":"<p>Vous souhaitez\u00a0<strong>acqu\u00e9rir les comp\u00e9tences<\/strong>\u00a0vous permettant d\u2019appliquer la technique du composite injectable dans votre pratique quotidienne d\u00e9s demain\u00a0? \ud83e\udd14<\/p>\n<p>Ce workshop est fait pour vous\u00a0!<\/p>\n<p>Suite \u00e0 l\u2019\u00e9norme int\u00e9r\u00eat qu\u2019a suscit\u00e9 le cours de notre congr\u00e8s annuel sur le composite injectable, Dental Education vous propose d\u2019aller un niveau plus loin et de vous initier \u00e0 cette technique redoutable d\u2019efficacit\u00e9 en compagnie d\u2019un ma\u00eetre dans le domaine\u00a0: <a href=\"https:\/\/dentaleducation.be\/index.php\/formateurs\/brice-redor\/\" target=\"_blank\" rel=\"noopener\">Brice Redor<\/a>.<\/p>\n<p>Vous aurez notamment l\u2019occasion de\u00a0:<\/p>\n<p>\u00b7\u00a0\u00a0\u00a0\u00a0\u00a0\u00a0\u00a0\u00a0Revoir et perfectionner vos techniques d\u2019isolation<\/p>\n<p>\u00b7\u00a0\u00a0\u00a0\u00a0\u00a0\u00a0\u00a0\u00a0Vous initier aux concepts th\u00e9oriques sur le composite injectable<\/p>\n<p>\u00b7\u00a0\u00a0\u00a0\u00a0\u00a0\u00a0\u00a0\u00a0Identifier les cas favorables et d\u00e9favorables \u00e0 l\u2019application de la technique<\/p>\n<p>\u00b7\u00a0\u00a0\u00a0\u00a0\u00a0\u00a0\u00a0\u00a0Mettre en pratique les principes enseign\u00e9s sur mod\u00e8les Frasaco<\/p>\n<p>\u00b7\u00a0\u00a0\u00a0\u00a0\u00a0\u00a0\u00a0\u00a0Mettre en pratique les techniques de polissage les plus adapt\u00e9es<\/p>\n<p><strong>Attention, les places sont limit\u00e9es<\/strong><\/p>\n","protected":false},"excerpt":{"rendered":"<p>Date : 17 avril 2026 | D\u00e9but \u00e0 8h30<\/p>\n<p>Lieu : DoubleTree by Hilton Brussels City | Rue Gineste 3, 1210 Bruxelles<\/p>\n<p>Cr\u00e9dits : 40 UA demand\u00e9es<\/p>\n","protected":false},"featured_media":7457,"comment_status":"open","ping_status":"closed","template":"","meta":{"_acf_changed":false,"ocean_post_layout":"","ocean_both_sidebars_style":"","ocean_both_sidebars_content_width":0,"ocean_both_sidebars_sidebars_width":0,"ocean_sidebar":"0","ocean_second_sidebar":"0","ocean_disable_margins":"enable","ocean_add_body_class":"","ocean_shortcode_before_top_bar":"","ocean_shortcode_after_top_bar":"","ocean_shortcode_before_header":"","ocean_shortcode_after_header":"","ocean_has_shortcode":"","ocean_shortcode_after_title":"","ocean_shortcode_before_footer_widgets":"","ocean_shortcode_after_footer_widgets":"","ocean_shortcode_before_footer_bottom":"","ocean_shortcode_after_footer_bottom":"","ocean_display_top_bar":"default","ocean_display_header":"default","ocean_header_style":"","ocean_center_header_left_menu":"0","ocean_custom_header_template":"0","ocean_custom_logo":0,"ocean_custom_retina_logo":0,"ocean_custom_logo_max_width":0,"ocean_custom_logo_tablet_max_width":0,"ocean_custom_logo_mobile_max_width":0,"ocean_custom_logo_max_height":0,"ocean_custom_logo_tablet_max_height":0,"ocean_custom_logo_mobile_max_height":0,"ocean_header_custom_menu":"0","ocean_menu_typo_font_family":"0","ocean_menu_typo_font_subset":"","ocean_menu_typo_font_size":0,"ocean_menu_typo_font_size_tablet":0,"ocean_menu_typo_font_size_mobile":0,"ocean_menu_typo_font_size_unit":"px","ocean_menu_typo_font_weight":"","ocean_menu_typo_font_weight_tablet":"","ocean_menu_typo_font_weight_mobile":"","ocean_menu_typo_transform":"","ocean_menu_typo_transform_tablet":"","ocean_menu_typo_transform_mobile":"","ocean_menu_typo_line_height":0,"ocean_menu_typo_line_height_tablet":0,"ocean_menu_typo_line_height_mobile":0,"ocean_menu_typo_line_height_unit":"","ocean_menu_typo_spacing":0,"ocean_menu_typo_spacing_tablet":0,"ocean_menu_typo_spacing_mobile":0,"ocean_menu_typo_spacing_unit":"","ocean_menu_link_color":"","ocean_menu_link_color_hover":"","ocean_menu_link_color_active":"","ocean_menu_link_background":"","ocean_menu_link_hover_background":"","ocean_menu_link_active_background":"","ocean_menu_social_links_bg":"","ocean_menu_social_hover_links_bg":"","ocean_menu_social_links_color":"","ocean_menu_social_hover_links_color":"","ocean_disable_title":"on","ocean_disable_heading":"default","ocean_post_title":"","ocean_post_subheading":"","ocean_post_title_style":"","ocean_post_title_background_color":"","ocean_post_title_background":0,"ocean_post_title_bg_image_position":"","ocean_post_title_bg_image_attachment":"","ocean_post_title_bg_image_repeat":"","ocean_post_title_bg_image_size":"","ocean_post_title_height":0,"ocean_post_title_bg_overlay":0.5,"ocean_post_title_bg_overlay_color":"","ocean_disable_breadcrumbs":"default","ocean_breadcrumbs_color":"","ocean_breadcrumbs_separator_color":"","ocean_breadcrumbs_links_color":"","ocean_breadcrumbs_links_hover_color":"","ocean_display_footer_widgets":"off","ocean_display_footer_bottom":"off","ocean_custom_footer_template":"0"},"product_brand":[],"product_cat":[23],"product_tag":[34],"class_list":{"0":"post-7004","1":"product","2":"type-product","3":"status-publish","4":"has-post-thumbnail","6":"product_cat-nos-workshops","7":"product_tag-workshop-composite","9":"entry","10":"has-media","12":"first","13":"outofstock","14":"virtual","15":"purchasable","16":"product-type-simple","17":"has-product-nav","18":"col","19":"span_1_of_3","20":"owp-content-center","21":"owp-thumbs-layout-horizontal","22":"owp-btn-normal","23":"owp-tabs-layout-horizontal","24":"has-no-thumbnails"},"acf":[],"yoast_head":"<!-- This site is optimized with the Yoast SEO plugin v27.4 - https:\/\/yoast.com\/product\/yoast-seo-wordpress\/ -->\n<title>Impact du composte inject\u00e9 dans l\u2019omnipratique moderne<\/title>\n<meta name=\"description\" content=\"Participez \u00e0 notre workshop pour\u00a0acqu\u00e9rir les comp\u00e9tences\u00a0vous permettant d\u2019appliquer la technique du composite injectable dans votre pratique quotidienne.\" \/>\n<meta name=\"robots\" content=\"index, follow, max-snippet:-1, max-image-preview:large, max-video-preview:-1\" \/>\n<link rel=\"canonical\" href=\"https:\/\/dentaleducation.be\/index.php\/produit\/impact-du-composte-injecte-dans-lomnipratique-moderne\/\" \/>\n<meta property=\"og:locale\" content=\"fr_FR\" \/>\n<meta property=\"og:type\" content=\"article\" \/>\n<meta property=\"og:title\" content=\"Impact du composte inject\u00e9 dans l\u2019omnipratique moderne\" \/>\n<meta property=\"og:description\" content=\"Participez \u00e0 notre workshop pour\u00a0acqu\u00e9rir les comp\u00e9tences\u00a0vous permettant d\u2019appliquer la technique du composite injectable dans votre pratique quotidienne.\" \/>\n<meta property=\"og:url\" content=\"https:\/\/dentaleducation.be\/index.php\/produit\/impact-du-composte-injecte-dans-lomnipratique-moderne\/\" \/>\n<meta property=\"og:site_name\" content=\"Dental Education\" \/>\n<meta property=\"article:publisher\" content=\"https:\/\/www.facebook.com\/DentalEducationAssociation\" \/>\n<meta property=\"article:modified_time\" content=\"2026-05-13T00:15:28+00:00\" \/>\n<meta property=\"og:image\" content=\"https:\/\/dentaleducation.be\/wp-content\/uploads\/2025\/12\/Workshop-brice-carre-V2.jpg\" \/>\n\t<meta property=\"og:image:width\" content=\"1080\" \/>\n\t<meta property=\"og:image:height\" content=\"1080\" \/>\n\t<meta property=\"og:image:type\" content=\"image\/jpeg\" \/>\n<meta name=\"twitter:card\" content=\"summary_large_image\" \/>\n<meta name=\"twitter:label1\" content=\"Dur\u00e9e de lecture estim\u00e9e\" \/>\n\t<meta name=\"twitter:data1\" content=\"1 minute\" \/>\n<script type=\"application\/ld+json\" class=\"yoast-schema-graph\">{\"@context\":\"https:\\\/\\\/schema.org\",\"@graph\":[{\"@type\":\"WebPage\",\"@id\":\"https:\\\/\\\/dentaleducation.be\\\/index.php\\\/produit\\\/impact-du-composte-injecte-dans-lomnipratique-moderne\\\/\",\"url\":\"https:\\\/\\\/dentaleducation.be\\\/index.php\\\/produit\\\/impact-du-composte-injecte-dans-lomnipratique-moderne\\\/\",\"name\":\"Impact du composte inject\u00e9 dans l\u2019omnipratique moderne\",\"isPartOf\":{\"@id\":\"https:\\\/\\\/dentaleducation.be\\\/#website\"},\"primaryImageOfPage\":{\"@id\":\"https:\\\/\\\/dentaleducation.be\\\/index.php\\\/produit\\\/impact-du-composte-injecte-dans-lomnipratique-moderne\\\/#primaryimage\"},\"image\":{\"@id\":\"https:\\\/\\\/dentaleducation.be\\\/index.php\\\/produit\\\/impact-du-composte-injecte-dans-lomnipratique-moderne\\\/#primaryimage\"},\"thumbnailUrl\":\"https:\\\/\\\/dentaleducation.be\\\/wp-content\\\/uploads\\\/2025\\\/12\\\/Workshop-brice-carre-V2.jpg\",\"datePublished\":\"2025-12-10T12:43:34+00:00\",\"dateModified\":\"2026-05-13T00:15:28+00:00\",\"description\":\"Participez \u00e0 notre workshop pour\u00a0acqu\u00e9rir les comp\u00e9tences\u00a0vous permettant d\u2019appliquer la technique du composite injectable dans votre pratique quotidienne.\",\"breadcrumb\":{\"@id\":\"https:\\\/\\\/dentaleducation.be\\\/index.php\\\/produit\\\/impact-du-composte-injecte-dans-lomnipratique-moderne\\\/#breadcrumb\"},\"inLanguage\":\"fr-FR\",\"potentialAction\":[{\"@type\":\"ReadAction\",\"target\":[\"https:\\\/\\\/dentaleducation.be\\\/index.php\\\/produit\\\/impact-du-composte-injecte-dans-lomnipratique-moderne\\\/\"]}]},{\"@type\":\"ImageObject\",\"inLanguage\":\"fr-FR\",\"@id\":\"https:\\\/\\\/dentaleducation.be\\\/index.php\\\/produit\\\/impact-du-composte-injecte-dans-lomnipratique-moderne\\\/#primaryimage\",\"url\":\"https:\\\/\\\/dentaleducation.be\\\/wp-content\\\/uploads\\\/2025\\\/12\\\/Workshop-brice-carre-V2.jpg\",\"contentUrl\":\"https:\\\/\\\/dentaleducation.be\\\/wp-content\\\/uploads\\\/2025\\\/12\\\/Workshop-brice-carre-V2.jpg\",\"width\":1080,\"height\":1080,\"caption\":\"Impact du composite inject\u00e9 dans l\u2019omnipratique moderne\"},{\"@type\":\"BreadcrumbList\",\"@id\":\"https:\\\/\\\/dentaleducation.be\\\/index.php\\\/produit\\\/impact-du-composte-injecte-dans-lomnipratique-moderne\\\/#breadcrumb\",\"itemListElement\":[{\"@type\":\"ListItem\",\"position\":1,\"name\":\"Accueil\",\"item\":\"https:\\\/\\\/dentaleducation.be\\\/\"},{\"@type\":\"ListItem\",\"position\":2,\"name\":\"Boutique\",\"item\":\"https:\\\/\\\/dentaleducation.be\\\/index.php\\\/boutique\\\/\"},{\"@type\":\"ListItem\",\"position\":3,\"name\":\"Impact du composite inject\u00e9 dans l\u2019omnipratique moderne\"}]},{\"@type\":\"WebSite\",\"@id\":\"https:\\\/\\\/dentaleducation.be\\\/#website\",\"url\":\"https:\\\/\\\/dentaleducation.be\\\/\",\"name\":\"Dental Education\",\"description\":\"Vivez une nouvelle exp\u00e9rience du savoir !\",\"publisher\":{\"@id\":\"https:\\\/\\\/dentaleducation.be\\\/#organization\"},\"potentialAction\":[{\"@type\":\"SearchAction\",\"target\":{\"@type\":\"EntryPoint\",\"urlTemplate\":\"https:\\\/\\\/dentaleducation.be\\\/?s={search_term_string}\"},\"query-input\":{\"@type\":\"PropertyValueSpecification\",\"valueRequired\":true,\"valueName\":\"search_term_string\"}}],\"inLanguage\":\"fr-FR\"},{\"@type\":\"Organization\",\"@id\":\"https:\\\/\\\/dentaleducation.be\\\/#organization\",\"name\":\"Dental Education\",\"url\":\"https:\\\/\\\/dentaleducation.be\\\/\",\"logo\":{\"@type\":\"ImageObject\",\"inLanguage\":\"fr-FR\",\"@id\":\"https:\\\/\\\/dentaleducation.be\\\/#\\\/schema\\\/logo\\\/image\\\/\",\"url\":\"https:\\\/\\\/dentaleducation.be\\\/wp-content\\\/uploads\\\/2023\\\/05\\\/Logo_DentalEducation_noir-jpeg.jpg\",\"contentUrl\":\"https:\\\/\\\/dentaleducation.be\\\/wp-content\\\/uploads\\\/2023\\\/05\\\/Logo_DentalEducation_noir-jpeg.jpg\",\"width\":1024,\"height\":371,\"caption\":\"Dental Education\"},\"image\":{\"@id\":\"https:\\\/\\\/dentaleducation.be\\\/#\\\/schema\\\/logo\\\/image\\\/\"},\"sameAs\":[\"https:\\\/\\\/www.facebook.com\\\/DentalEducationAssociation\",\"https:\\\/\\\/www.linkedin.com\\\/company\\\/dentaleducationasbl\\\/\",\"https:\\\/\\\/www.instagram.com\\\/dentaleducation_asbl\\\/\"]}]}<\/script>\n<!-- \/ Yoast SEO plugin. -->","yoast_head_json":{"title":"Impact du composte inject\u00e9 dans l\u2019omnipratique moderne","description":"Participez \u00e0 notre workshop pour\u00a0acqu\u00e9rir les comp\u00e9tences\u00a0vous permettant d\u2019appliquer la technique du composite injectable dans votre pratique quotidienne.","robots":{"index":"index","follow":"follow","max-snippet":"max-snippet:-1","max-image-preview":"max-image-preview:large","max-video-preview":"max-video-preview:-1"},"canonical":"https:\/\/dentaleducation.be\/index.php\/produit\/impact-du-composte-injecte-dans-lomnipratique-moderne\/","og_locale":"fr_FR","og_type":"article","og_title":"Impact du composte inject\u00e9 dans l\u2019omnipratique moderne","og_description":"Participez \u00e0 notre workshop pour\u00a0acqu\u00e9rir les comp\u00e9tences\u00a0vous permettant d\u2019appliquer la technique du composite injectable dans votre pratique quotidienne.","og_url":"https:\/\/dentaleducation.be\/index.php\/produit\/impact-du-composte-injecte-dans-lomnipratique-moderne\/","og_site_name":"Dental Education","article_publisher":"https:\/\/www.facebook.com\/DentalEducationAssociation","article_modified_time":"2026-05-13T00:15:28+00:00","og_image":[{"width":1080,"height":1080,"url":"https:\/\/dentaleducation.be\/wp-content\/uploads\/2025\/12\/Workshop-brice-carre-V2.jpg","type":"image\/jpeg"}],"twitter_card":"summary_large_image","twitter_misc":{"Dur\u00e9e de lecture estim\u00e9e":"1 minute"},"schema":{"@context":"https:\/\/schema.org","@graph":[{"@type":"WebPage","@id":"https:\/\/dentaleducation.be\/index.php\/produit\/impact-du-composte-injecte-dans-lomnipratique-moderne\/","url":"https:\/\/dentaleducation.be\/index.php\/produit\/impact-du-composte-injecte-dans-lomnipratique-moderne\/","name":"Impact du composte inject\u00e9 dans l\u2019omnipratique moderne","isPartOf":{"@id":"https:\/\/dentaleducation.be\/#website"},"primaryImageOfPage":{"@id":"https:\/\/dentaleducation.be\/index.php\/produit\/impact-du-composte-injecte-dans-lomnipratique-moderne\/#primaryimage"},"image":{"@id":"https:\/\/dentaleducation.be\/index.php\/produit\/impact-du-composte-injecte-dans-lomnipratique-moderne\/#primaryimage"},"thumbnailUrl":"https:\/\/dentaleducation.be\/wp-content\/uploads\/2025\/12\/Workshop-brice-carre-V2.jpg","datePublished":"2025-12-10T12:43:34+00:00","dateModified":"2026-05-13T00:15:28+00:00","description":"Participez \u00e0 notre workshop pour\u00a0acqu\u00e9rir les comp\u00e9tences\u00a0vous permettant d\u2019appliquer la technique du composite injectable dans votre pratique quotidienne.","breadcrumb":{"@id":"https:\/\/dentaleducation.be\/index.php\/produit\/impact-du-composte-injecte-dans-lomnipratique-moderne\/#breadcrumb"},"inLanguage":"fr-FR","potentialAction":[{"@type":"ReadAction","target":["https:\/\/dentaleducation.be\/index.php\/produit\/impact-du-composte-injecte-dans-lomnipratique-moderne\/"]}]},{"@type":"ImageObject","inLanguage":"fr-FR","@id":"https:\/\/dentaleducation.be\/index.php\/produit\/impact-du-composte-injecte-dans-lomnipratique-moderne\/#primaryimage","url":"https:\/\/dentaleducation.be\/wp-content\/uploads\/2025\/12\/Workshop-brice-carre-V2.jpg","contentUrl":"https:\/\/dentaleducation.be\/wp-content\/uploads\/2025\/12\/Workshop-brice-carre-V2.jpg","width":1080,"height":1080,"caption":"Impact du composite inject\u00e9 dans l\u2019omnipratique moderne"},{"@type":"BreadcrumbList","@id":"https:\/\/dentaleducation.be\/index.php\/produit\/impact-du-composte-injecte-dans-lomnipratique-moderne\/#breadcrumb","itemListElement":[{"@type":"ListItem","position":1,"name":"Accueil","item":"https:\/\/dentaleducation.be\/"},{"@type":"ListItem","position":2,"name":"Boutique","item":"https:\/\/dentaleducation.be\/index.php\/boutique\/"},{"@type":"ListItem","position":3,"name":"Impact du composite inject\u00e9 dans l\u2019omnipratique moderne"}]},{"@type":"WebSite","@id":"https:\/\/dentaleducation.be\/#website","url":"https:\/\/dentaleducation.be\/","name":"Dental Education","description":"Vivez une nouvelle exp\u00e9rience du savoir !","publisher":{"@id":"https:\/\/dentaleducation.be\/#organization"},"potentialAction":[{"@type":"SearchAction","target":{"@type":"EntryPoint","urlTemplate":"https:\/\/dentaleducation.be\/?s={search_term_string}"},"query-input":{"@type":"PropertyValueSpecification","valueRequired":true,"valueName":"search_term_string"}}],"inLanguage":"fr-FR"},{"@type":"Organization","@id":"https:\/\/dentaleducation.be\/#organization","name":"Dental Education","url":"https:\/\/dentaleducation.be\/","logo":{"@type":"ImageObject","inLanguage":"fr-FR","@id":"https:\/\/dentaleducation.be\/#\/schema\/logo\/image\/","url":"https:\/\/dentaleducation.be\/wp-content\/uploads\/2023\/05\/Logo_DentalEducation_noir-jpeg.jpg","contentUrl":"https:\/\/dentaleducation.be\/wp-content\/uploads\/2023\/05\/Logo_DentalEducation_noir-jpeg.jpg","width":1024,"height":371,"caption":"Dental Education"},"image":{"@id":"https:\/\/dentaleducation.be\/#\/schema\/logo\/image\/"},"sameAs":["https:\/\/www.facebook.com\/DentalEducationAssociation","https:\/\/www.linkedin.com\/company\/dentaleducationasbl\/","https:\/\/www.instagram.com\/dentaleducation_asbl\/"]}]}},"_links":{"self":[{"href":"https:\/\/dentaleducation.be\/index.php\/wp-json\/wp\/v2\/product\/7004","targetHints":{"allow":["GET"]}}],"collection":[{"href":"https:\/\/dentaleducation.be\/index.php\/wp-json\/wp\/v2\/product"}],"about":[{"href":"https:\/\/dentaleducation.be\/index.php\/wp-json\/wp\/v2\/types\/product"}],"replies":[{"embeddable":true,"href":"https:\/\/dentaleducation.be\/index.php\/wp-json\/wp\/v2\/comments?post=7004"}],"wp:featuredmedia":[{"embeddable":true,"href":"https:\/\/dentaleducation.be\/index.php\/wp-json\/wp\/v2\/media\/7457"}],"wp:attachment":[{"href":"https:\/\/dentaleducation.be\/index.php\/wp-json\/wp\/v2\/media?parent=7004"}],"wp:term":[{"taxonomy":"product_brand","embeddable":true,"href":"https:\/\/dentaleducation.be\/index.php\/wp-json\/wp\/v2\/product_brand?post=7004"},{"taxonomy":"product_cat","embeddable":true,"href":"https:\/\/dentaleducation.be\/index.php\/wp-json\/wp\/v2\/product_cat?post=7004"},{"taxonomy":"product_tag","embeddable":true,"href":"https:\/\/dentaleducation.be\/index.php\/wp-json\/wp\/v2\/product_tag?post=7004"}],"curies":[{"name":"wp","href":"https:\/\/api.w.org\/{rel}","templated":true}]}}