{"id":735,"date":"2023-05-25T10:57:54","date_gmt":"2023-05-25T08:57:54","guid":{"rendered":"http:\/\/edocsoy.cluster027.hosting.ovh.net\/?post_type=product&#038;p=735"},"modified":"2026-03-02T08:14:46","modified_gmt":"2026-03-02T07:14:46","slug":"au-coeur-de-lendo","status":"publish","type":"product","link":"https:\/\/dentaleducation.be\/index.php\/produit\/au-coeur-de-lendo\/","title":{"rendered":"Au c\u0153ur de l\u2019endo : Secrets &#038; Strat\u00e9gies"},"content":{"rendered":"<p>Transformez votre pratique endodontique gr\u00e2ce notre workshop : \u00ab\u00a0Au c\u0153ur de l\u2019endo : Secrets &amp; Strat\u00e9gies\u00a0\u00bb anim\u00e9 par l&#8217;expert <a href=\"https:\/\/dentaleducation.be\/index.php\/formateurs\/hugo-setbon\/\" target=\"_blank\" rel=\"noopener\">Hugo Setbon<\/a>.<\/p>\n<p>D\u00e9couvrez des techniques avanc\u00e9es, des m\u00e9thodes d&#8217;irrigation canalaire jusqu&#8217;aux astuces pour acc\u00e9der \u00e0 l&#8217;apex, le tout dans un environnement dynamique o\u00f9 la pratique et la th\u00e9orie s&#8217;entrem\u00ealent.<\/p>\n","protected":false},"excerpt":{"rendered":"<p>Date : Date \u00e0 venir | D\u00e9but \u00e0 8h30<\/p>\n<p>Lieu : DoubleTree by Hilton Brussels City | Rue Gineste 3, 1210 Bruxelles<\/p>\n<p>Cr\u00e9dits : 40 UA demand\u00e9es<\/p>\n<p><strong>Important : Veuillez apporter avec vous des dents sur lesquelles une ouverture de chambre a \u00e9t\u00e9 r\u00e9alis\u00e9e.<\/strong><\/p>\n","protected":false},"featured_media":3023,"comment_status":"open","ping_status":"closed","template":"","meta":{"_acf_changed":false,"ocean_post_layout":"","ocean_both_sidebars_style":"","ocean_both_sidebars_content_width":0,"ocean_both_sidebars_sidebars_width":0,"ocean_sidebar":"0","ocean_second_sidebar":"0","ocean_disable_margins":"enable","ocean_add_body_class":"","ocean_shortcode_before_top_bar":"","ocean_shortcode_after_top_bar":"","ocean_shortcode_before_header":"","ocean_shortcode_after_header":"","ocean_has_shortcode":"","ocean_shortcode_after_title":"","ocean_shortcode_before_footer_widgets":"","ocean_shortcode_after_footer_widgets":"","ocean_shortcode_before_footer_bottom":"","ocean_shortcode_after_footer_bottom":"","ocean_display_top_bar":"default","ocean_display_header":"default","ocean_header_style":"","ocean_center_header_left_menu":"0","ocean_custom_header_template":"0","ocean_custom_logo":0,"ocean_custom_retina_logo":0,"ocean_custom_logo_max_width":0,"ocean_custom_logo_tablet_max_width":0,"ocean_custom_logo_mobile_max_width":0,"ocean_custom_logo_max_height":0,"ocean_custom_logo_tablet_max_height":0,"ocean_custom_logo_mobile_max_height":0,"ocean_header_custom_menu":"0","ocean_menu_typo_font_family":"0","ocean_menu_typo_font_subset":"","ocean_menu_typo_font_size":0,"ocean_menu_typo_font_size_tablet":0,"ocean_menu_typo_font_size_mobile":0,"ocean_menu_typo_font_size_unit":"px","ocean_menu_typo_font_weight":"","ocean_menu_typo_font_weight_tablet":"","ocean_menu_typo_font_weight_mobile":"","ocean_menu_typo_transform":"","ocean_menu_typo_transform_tablet":"","ocean_menu_typo_transform_mobile":"","ocean_menu_typo_line_height":0,"ocean_menu_typo_line_height_tablet":0,"ocean_menu_typo_line_height_mobile":0,"ocean_menu_typo_line_height_unit":"","ocean_menu_typo_spacing":0,"ocean_menu_typo_spacing_tablet":0,"ocean_menu_typo_spacing_mobile":0,"ocean_menu_typo_spacing_unit":"","ocean_menu_link_color":"","ocean_menu_link_color_hover":"","ocean_menu_link_color_active":"","ocean_menu_link_background":"","ocean_menu_link_hover_background":"","ocean_menu_link_active_background":"","ocean_menu_social_links_bg":"","ocean_menu_social_hover_links_bg":"","ocean_menu_social_links_color":"","ocean_menu_social_hover_links_color":"","ocean_disable_title":"on","ocean_disable_heading":"default","ocean_post_title":"","ocean_post_subheading":"","ocean_post_title_style":"","ocean_post_title_background_color":"","ocean_post_title_background":0,"ocean_post_title_bg_image_position":"","ocean_post_title_bg_image_attachment":"","ocean_post_title_bg_image_repeat":"","ocean_post_title_bg_image_size":"","ocean_post_title_height":0,"ocean_post_title_bg_overlay":0.5,"ocean_post_title_bg_overlay_color":"","ocean_disable_breadcrumbs":"default","ocean_breadcrumbs_color":"","ocean_breadcrumbs_separator_color":"","ocean_breadcrumbs_links_color":"","ocean_breadcrumbs_links_hover_color":"","ocean_display_footer_widgets":"off","ocean_display_footer_bottom":"off","ocean_custom_footer_template":"0"},"product_brand":[],"product_cat":[23],"product_tag":[33],"class_list":{"0":"post-735","1":"product","2":"type-product","3":"status-publish","4":"has-post-thumbnail","6":"product_cat-nos-workshops","7":"product_tag-workshop-endodontie","9":"entry","10":"has-media","12":"first","13":"outofstock","14":"virtual","15":"purchasable","16":"product-type-simple","17":"has-product-nav","18":"col","19":"span_1_of_3","20":"owp-content-center","21":"owp-thumbs-layout-horizontal","22":"owp-btn-normal","23":"owp-tabs-layout-horizontal","24":"has-no-thumbnails"},"acf":[],"yoast_head":"<!-- This site is optimized with the Yoast SEO plugin v27.4 - https:\/\/yoast.com\/product\/yoast-seo-wordpress\/ -->\n<title>Au c\u0153ur de l\u2019endo : Secrets &amp; Strat\u00e9gies - Dental Education<\/title>\n<meta name=\"description\" content=\"Transformez votre pratique endodontique gr\u00e2ce notre workshop : \u00ab\u00a0Au c\u0153ur de l\u2019endo : Secrets &amp; Strat\u00e9gies\u00a0\u00bb anim\u00e9 par l&#039;expert Hugo Setbon.\" \/>\n<meta name=\"robots\" content=\"index, follow, max-snippet:-1, max-image-preview:large, max-video-preview:-1\" \/>\n<link rel=\"canonical\" href=\"https:\/\/dentaleducation.be\/index.php\/produit\/au-coeur-de-lendo\/\" \/>\n<meta property=\"og:locale\" content=\"fr_FR\" \/>\n<meta property=\"og:type\" content=\"article\" \/>\n<meta property=\"og:title\" content=\"Au c\u0153ur de l\u2019endo : Secrets &amp; Strat\u00e9gies - Dental Education\" \/>\n<meta property=\"og:description\" content=\"Transformez votre pratique endodontique gr\u00e2ce notre workshop : \u00ab\u00a0Au c\u0153ur de l\u2019endo : Secrets &amp; Strat\u00e9gies\u00a0\u00bb anim\u00e9 par l&#039;expert Hugo Setbon.\" \/>\n<meta property=\"og:url\" content=\"https:\/\/dentaleducation.be\/index.php\/produit\/au-coeur-de-lendo\/\" \/>\n<meta property=\"og:site_name\" content=\"Dental Education\" \/>\n<meta property=\"article:publisher\" content=\"https:\/\/www.facebook.com\/DentalEducationAssociation\" \/>\n<meta property=\"article:modified_time\" content=\"2026-03-02T07:14:46+00:00\" \/>\n<meta property=\"og:image\" content=\"https:\/\/dentaleducation.be\/wp-content\/uploads\/2023\/12\/Dental-Education-Hugo-Tara-156-min-1-1.jpg\" \/>\n\t<meta property=\"og:image:width\" content=\"1000\" \/>\n\t<meta property=\"og:image:height\" content=\"667\" \/>\n\t<meta property=\"og:image:type\" content=\"image\/jpeg\" \/>\n<meta name=\"twitter:card\" content=\"summary_large_image\" \/>\n<meta name=\"twitter:label1\" content=\"Dur\u00e9e de lecture estim\u00e9e\" \/>\n\t<meta name=\"twitter:data1\" content=\"1 minute\" \/>\n<script type=\"application\/ld+json\" class=\"yoast-schema-graph\">{\"@context\":\"https:\\\/\\\/schema.org\",\"@graph\":[{\"@type\":\"WebPage\",\"@id\":\"https:\\\/\\\/dentaleducation.be\\\/index.php\\\/produit\\\/au-coeur-de-lendo\\\/\",\"url\":\"https:\\\/\\\/dentaleducation.be\\\/index.php\\\/produit\\\/au-coeur-de-lendo\\\/\",\"name\":\"Au c\u0153ur de l\u2019endo : Secrets & Strat\u00e9gies - Dental Education\",\"isPartOf\":{\"@id\":\"https:\\\/\\\/dentaleducation.be\\\/#website\"},\"primaryImageOfPage\":{\"@id\":\"https:\\\/\\\/dentaleducation.be\\\/index.php\\\/produit\\\/au-coeur-de-lendo\\\/#primaryimage\"},\"image\":{\"@id\":\"https:\\\/\\\/dentaleducation.be\\\/index.php\\\/produit\\\/au-coeur-de-lendo\\\/#primaryimage\"},\"thumbnailUrl\":\"https:\\\/\\\/dentaleducation.be\\\/wp-content\\\/uploads\\\/2023\\\/12\\\/Dental-Education-Hugo-Tara-156-min-1-1.jpg\",\"datePublished\":\"2023-05-25T08:57:54+00:00\",\"dateModified\":\"2026-03-02T07:14:46+00:00\",\"description\":\"Transformez votre pratique endodontique gr\u00e2ce notre workshop : \u00ab\u00a0Au c\u0153ur de l\u2019endo : Secrets & Strat\u00e9gies\u00a0\u00bb anim\u00e9 par l'expert Hugo Setbon.\",\"breadcrumb\":{\"@id\":\"https:\\\/\\\/dentaleducation.be\\\/index.php\\\/produit\\\/au-coeur-de-lendo\\\/#breadcrumb\"},\"inLanguage\":\"fr-FR\",\"potentialAction\":[{\"@type\":\"ReadAction\",\"target\":[\"https:\\\/\\\/dentaleducation.be\\\/index.php\\\/produit\\\/au-coeur-de-lendo\\\/\"]}]},{\"@type\":\"ImageObject\",\"inLanguage\":\"fr-FR\",\"@id\":\"https:\\\/\\\/dentaleducation.be\\\/index.php\\\/produit\\\/au-coeur-de-lendo\\\/#primaryimage\",\"url\":\"https:\\\/\\\/dentaleducation.be\\\/wp-content\\\/uploads\\\/2023\\\/12\\\/Dental-Education-Hugo-Tara-156-min-1-1.jpg\",\"contentUrl\":\"https:\\\/\\\/dentaleducation.be\\\/wp-content\\\/uploads\\\/2023\\\/12\\\/Dental-Education-Hugo-Tara-156-min-1-1.jpg\",\"width\":1000,\"height\":667,\"caption\":\"Workshop endodontie\"},{\"@type\":\"BreadcrumbList\",\"@id\":\"https:\\\/\\\/dentaleducation.be\\\/index.php\\\/produit\\\/au-coeur-de-lendo\\\/#breadcrumb\",\"itemListElement\":[{\"@type\":\"ListItem\",\"position\":1,\"name\":\"Accueil\",\"item\":\"https:\\\/\\\/dentaleducation.be\\\/\"},{\"@type\":\"ListItem\",\"position\":2,\"name\":\"Boutique\",\"item\":\"https:\\\/\\\/dentaleducation.be\\\/index.php\\\/boutique\\\/\"},{\"@type\":\"ListItem\",\"position\":3,\"name\":\"Au c\u0153ur de l\u2019endo : Secrets &#038; Strat\u00e9gies\"}]},{\"@type\":\"WebSite\",\"@id\":\"https:\\\/\\\/dentaleducation.be\\\/#website\",\"url\":\"https:\\\/\\\/dentaleducation.be\\\/\",\"name\":\"Dental Education\",\"description\":\"Vivez une nouvelle exp\u00e9rience du savoir !\",\"publisher\":{\"@id\":\"https:\\\/\\\/dentaleducation.be\\\/#organization\"},\"potentialAction\":[{\"@type\":\"SearchAction\",\"target\":{\"@type\":\"EntryPoint\",\"urlTemplate\":\"https:\\\/\\\/dentaleducation.be\\\/?s={search_term_string}\"},\"query-input\":{\"@type\":\"PropertyValueSpecification\",\"valueRequired\":true,\"valueName\":\"search_term_string\"}}],\"inLanguage\":\"fr-FR\"},{\"@type\":\"Organization\",\"@id\":\"https:\\\/\\\/dentaleducation.be\\\/#organization\",\"name\":\"Dental Education\",\"url\":\"https:\\\/\\\/dentaleducation.be\\\/\",\"logo\":{\"@type\":\"ImageObject\",\"inLanguage\":\"fr-FR\",\"@id\":\"https:\\\/\\\/dentaleducation.be\\\/#\\\/schema\\\/logo\\\/image\\\/\",\"url\":\"https:\\\/\\\/dentaleducation.be\\\/wp-content\\\/uploads\\\/2023\\\/05\\\/Logo_DentalEducation_noir-jpeg.jpg\",\"contentUrl\":\"https:\\\/\\\/dentaleducation.be\\\/wp-content\\\/uploads\\\/2023\\\/05\\\/Logo_DentalEducation_noir-jpeg.jpg\",\"width\":1024,\"height\":371,\"caption\":\"Dental Education\"},\"image\":{\"@id\":\"https:\\\/\\\/dentaleducation.be\\\/#\\\/schema\\\/logo\\\/image\\\/\"},\"sameAs\":[\"https:\\\/\\\/www.facebook.com\\\/DentalEducationAssociation\",\"https:\\\/\\\/www.linkedin.com\\\/company\\\/dentaleducationasbl\\\/\",\"https:\\\/\\\/www.instagram.com\\\/dentaleducation_asbl\\\/\"]}]}<\/script>\n<!-- \/ Yoast SEO plugin. -->","yoast_head_json":{"title":"Au c\u0153ur de l\u2019endo : Secrets & Strat\u00e9gies - Dental Education","description":"Transformez votre pratique endodontique gr\u00e2ce notre workshop : \u00ab\u00a0Au c\u0153ur de l\u2019endo : Secrets & Strat\u00e9gies\u00a0\u00bb anim\u00e9 par l'expert Hugo Setbon.","robots":{"index":"index","follow":"follow","max-snippet":"max-snippet:-1","max-image-preview":"max-image-preview:large","max-video-preview":"max-video-preview:-1"},"canonical":"https:\/\/dentaleducation.be\/index.php\/produit\/au-coeur-de-lendo\/","og_locale":"fr_FR","og_type":"article","og_title":"Au c\u0153ur de l\u2019endo : Secrets & Strat\u00e9gies - Dental Education","og_description":"Transformez votre pratique endodontique gr\u00e2ce notre workshop : \u00ab\u00a0Au c\u0153ur de l\u2019endo : Secrets & Strat\u00e9gies\u00a0\u00bb anim\u00e9 par l'expert Hugo Setbon.","og_url":"https:\/\/dentaleducation.be\/index.php\/produit\/au-coeur-de-lendo\/","og_site_name":"Dental Education","article_publisher":"https:\/\/www.facebook.com\/DentalEducationAssociation","article_modified_time":"2026-03-02T07:14:46+00:00","og_image":[{"width":1000,"height":667,"url":"https:\/\/dentaleducation.be\/wp-content\/uploads\/2023\/12\/Dental-Education-Hugo-Tara-156-min-1-1.jpg","type":"image\/jpeg"}],"twitter_card":"summary_large_image","twitter_misc":{"Dur\u00e9e de lecture estim\u00e9e":"1 minute"},"schema":{"@context":"https:\/\/schema.org","@graph":[{"@type":"WebPage","@id":"https:\/\/dentaleducation.be\/index.php\/produit\/au-coeur-de-lendo\/","url":"https:\/\/dentaleducation.be\/index.php\/produit\/au-coeur-de-lendo\/","name":"Au c\u0153ur de l\u2019endo : Secrets & Strat\u00e9gies - Dental Education","isPartOf":{"@id":"https:\/\/dentaleducation.be\/#website"},"primaryImageOfPage":{"@id":"https:\/\/dentaleducation.be\/index.php\/produit\/au-coeur-de-lendo\/#primaryimage"},"image":{"@id":"https:\/\/dentaleducation.be\/index.php\/produit\/au-coeur-de-lendo\/#primaryimage"},"thumbnailUrl":"https:\/\/dentaleducation.be\/wp-content\/uploads\/2023\/12\/Dental-Education-Hugo-Tara-156-min-1-1.jpg","datePublished":"2023-05-25T08:57:54+00:00","dateModified":"2026-03-02T07:14:46+00:00","description":"Transformez votre pratique endodontique gr\u00e2ce notre workshop : \u00ab\u00a0Au c\u0153ur de l\u2019endo : Secrets & Strat\u00e9gies\u00a0\u00bb anim\u00e9 par l'expert Hugo Setbon.","breadcrumb":{"@id":"https:\/\/dentaleducation.be\/index.php\/produit\/au-coeur-de-lendo\/#breadcrumb"},"inLanguage":"fr-FR","potentialAction":[{"@type":"ReadAction","target":["https:\/\/dentaleducation.be\/index.php\/produit\/au-coeur-de-lendo\/"]}]},{"@type":"ImageObject","inLanguage":"fr-FR","@id":"https:\/\/dentaleducation.be\/index.php\/produit\/au-coeur-de-lendo\/#primaryimage","url":"https:\/\/dentaleducation.be\/wp-content\/uploads\/2023\/12\/Dental-Education-Hugo-Tara-156-min-1-1.jpg","contentUrl":"https:\/\/dentaleducation.be\/wp-content\/uploads\/2023\/12\/Dental-Education-Hugo-Tara-156-min-1-1.jpg","width":1000,"height":667,"caption":"Workshop endodontie"},{"@type":"BreadcrumbList","@id":"https:\/\/dentaleducation.be\/index.php\/produit\/au-coeur-de-lendo\/#breadcrumb","itemListElement":[{"@type":"ListItem","position":1,"name":"Accueil","item":"https:\/\/dentaleducation.be\/"},{"@type":"ListItem","position":2,"name":"Boutique","item":"https:\/\/dentaleducation.be\/index.php\/boutique\/"},{"@type":"ListItem","position":3,"name":"Au c\u0153ur de l\u2019endo : Secrets &#038; Strat\u00e9gies"}]},{"@type":"WebSite","@id":"https:\/\/dentaleducation.be\/#website","url":"https:\/\/dentaleducation.be\/","name":"Dental Education","description":"Vivez une nouvelle exp\u00e9rience du savoir !","publisher":{"@id":"https:\/\/dentaleducation.be\/#organization"},"potentialAction":[{"@type":"SearchAction","target":{"@type":"EntryPoint","urlTemplate":"https:\/\/dentaleducation.be\/?s={search_term_string}"},"query-input":{"@type":"PropertyValueSpecification","valueRequired":true,"valueName":"search_term_string"}}],"inLanguage":"fr-FR"},{"@type":"Organization","@id":"https:\/\/dentaleducation.be\/#organization","name":"Dental Education","url":"https:\/\/dentaleducation.be\/","logo":{"@type":"ImageObject","inLanguage":"fr-FR","@id":"https:\/\/dentaleducation.be\/#\/schema\/logo\/image\/","url":"https:\/\/dentaleducation.be\/wp-content\/uploads\/2023\/05\/Logo_DentalEducation_noir-jpeg.jpg","contentUrl":"https:\/\/dentaleducation.be\/wp-content\/uploads\/2023\/05\/Logo_DentalEducation_noir-jpeg.jpg","width":1024,"height":371,"caption":"Dental Education"},"image":{"@id":"https:\/\/dentaleducation.be\/#\/schema\/logo\/image\/"},"sameAs":["https:\/\/www.facebook.com\/DentalEducationAssociation","https:\/\/www.linkedin.com\/company\/dentaleducationasbl\/","https:\/\/www.instagram.com\/dentaleducation_asbl\/"]}]}},"_links":{"self":[{"href":"https:\/\/dentaleducation.be\/index.php\/wp-json\/wp\/v2\/product\/735","targetHints":{"allow":["GET"]}}],"collection":[{"href":"https:\/\/dentaleducation.be\/index.php\/wp-json\/wp\/v2\/product"}],"about":[{"href":"https:\/\/dentaleducation.be\/index.php\/wp-json\/wp\/v2\/types\/product"}],"replies":[{"embeddable":true,"href":"https:\/\/dentaleducation.be\/index.php\/wp-json\/wp\/v2\/comments?post=735"}],"wp:featuredmedia":[{"embeddable":true,"href":"https:\/\/dentaleducation.be\/index.php\/wp-json\/wp\/v2\/media\/3023"}],"wp:attachment":[{"href":"https:\/\/dentaleducation.be\/index.php\/wp-json\/wp\/v2\/media?parent=735"}],"wp:term":[{"taxonomy":"product_brand","embeddable":true,"href":"https:\/\/dentaleducation.be\/index.php\/wp-json\/wp\/v2\/product_brand?post=735"},{"taxonomy":"product_cat","embeddable":true,"href":"https:\/\/dentaleducation.be\/index.php\/wp-json\/wp\/v2\/product_cat?post=735"},{"taxonomy":"product_tag","embeddable":true,"href":"https:\/\/dentaleducation.be\/index.php\/wp-json\/wp\/v2\/product_tag?post=735"}],"curies":[{"name":"wp","href":"https:\/\/api.w.org\/{rel}","templated":true}]}}